{"id":1151,"date":"2012-02-20T16:27:21","date_gmt":"2012-02-20T14:27:21","guid":{"rendered":"http:\/\/alanbaskanligi.bursa.bel.tr\/?page_id=1151"},"modified":"2012-08-22T09:19:10","modified_gmt":"2012-08-22T07:19:10","slug":"abdal-mehmed-camii","status":"publish","type":"page","link":"https:\/\/alanbaskanligi.bursa.bel.tr\/en\/abdal-mehmed-camii\/","title":{"rendered":"Abdal Mehmed Camii"},"content":{"rendered":"<p><strong>Abdal Mehmed Camii:<\/strong>\u00a0Abdal caddesi, Tahal Caddesi ve G\u00fcl Sokak\u2019\u0131n birle\u015fti\u011fi kav\u015fakta yer alan cami, II. Murad devrinin tan\u0131nm\u0131\u015f sufilerinden olan Abdal Mehmed\u2019in ad\u0131na Ba\u015f\u00e7\u0131 \u0130brahim taraf\u0131ndan in\u015fa ettirilmi\u015ftir. Dikd\u00f6rtgen planl\u0131 caminin \u00fczeri iki oval kubbe ile \u00f6rt\u00fcl\u00fcd\u00fcr. Caminin yan\u0131nda T\u00fcrbesi ve \u00e7e\u015fmesi de bulunmaktad\u0131r.<\/p>\n<p><em>Kaz\u0131m Baykal, Bursa ve An\u0131tlar\u0131,113. ;, Bursa Ansiklopedisi, Cilt I, 11.<\/em><\/p>\n\n\t\t<style type=\"text\/css\">\n\t\t\t#gallery-1 {\n\t\t\t\tmargin: auto;\n\t\t\t}\n\t\t\t#gallery-1 .gallery-item {\n\t\t\t\tfloat: left;\n\t\t\t\tmargin-top: 10px;\n\t\t\t\ttext-align: center;\n\t\t\t\twidth: 33%;\n\t\t\t}\n\t\t\t#gallery-1 img {\n\t\t\t\tborder: 2px solid #cfcfcf;\n\t\t\t}\n\t\t\t#gallery-1 .gallery-caption {\n\t\t\t\tmargin-left: 0;\n\t\t\t}\n\t\t\t\/* see gallery_shortcode() in wp-includes\/media.php *\/\n\t\t<\/style>\n\t\t<div id='gallery-1' class='gallery galleryid-1151 gallery-columns-3 gallery-size-thumbnail'><dl class='gallery-item'>\n\t\t\t<dt class='gallery-icon landscape'>\n\t\t\t\t<a href=\"https:\/\/alanbaskanligi.bursa.bel.tr\/en\/wp-content\/uploads\/2012\/02\/abdal-meydan-pan-1009-Large.jpg\" title=\"ABDAL CAM\u0130\u0130\" data-description=\"\"><img loading=\"lazy\" decoding=\"async\" width=\"150\" height=\"150\" src=\"https:\/\/alanbaskanligi.bursa.bel.tr\/en\/wp-content\/uploads\/2012\/02\/abdal-meydan-pan-1009-Large-150x150.jpg\" class=\"attachment-thumbnail size-thumbnail\" alt=\"\"><\/a>\n\t\t\t<\/dt><\/dl><dl class='gallery-item'>\n\t\t\t<dt class='gallery-icon landscape'>\n\t\t\t\t<a href=\"https:\/\/alanbaskanligi.bursa.bel.tr\/en\/wp-content\/uploads\/2012\/02\/abdal-meydan-1001-Large.jpg\" title=\"ABDAL CAM\u0130\u0130\" data-description=\"\"><img loading=\"lazy\" decoding=\"async\" width=\"150\" height=\"150\" src=\"https:\/\/alanbaskanligi.bursa.bel.tr\/en\/wp-content\/uploads\/2012\/02\/abdal-meydan-1001-Large-150x150.jpg\" class=\"attachment-thumbnail size-thumbnail\" alt=\"\"><\/a>\n\t\t\t<\/dt><\/dl><dl class='gallery-item'>\n\t\t\t<dt class='gallery-icon landscape'>\n\t\t\t\t<a href=\"https:\/\/alanbaskanligi.bursa.bel.tr\/en\/wp-content\/uploads\/2012\/02\/abdal-meydan-pan-3-Large.jpg\" title=\"ABDAL CAM\u0130\u0130\" data-description=\"\"><img loading=\"lazy\" decoding=\"async\" width=\"150\" height=\"150\" src=\"https:\/\/alanbaskanligi.bursa.bel.tr\/en\/wp-content\/uploads\/2012\/02\/abdal-meydan-pan-3-Large-150x150.jpg\" class=\"attachment-thumbnail size-thumbnail\" alt=\"\"><\/a>\n\t\t\t<\/dt><\/dl><br style=\"clear: both\" \/>\n\t\t<\/div>\n\n","protected":false},"excerpt":{"rendered":"<p>Abdal Mehmed Camii:\u00a0Abdal caddesi, Tahal Caddesi ve G\u00fcl Sokak\u2019\u0131n birle\u015fti\u011fi kav\u015fakta yer alan cami, II. Murad devrinin tan\u0131nm\u0131\u015f sufilerinden olan Abdal Mehmed\u2019in ad\u0131na Ba\u015f\u00e7\u0131 \u0130brahim taraf\u0131ndan in\u015fa ettirilmi\u015ftir. Dikd\u00f6rtgen planl\u0131 caminin \u00fczeri iki oval kubbe ile \u00f6rt\u00fcl\u00fcd\u00fcr. Caminin yan\u0131nda T\u00fcrbesi [&hellip;]<\/p>\n","protected":false},"author":6,"featured_media":2493,"parent":0,"menu_order":2,"comment_status":"closed","ping_status":"open","template":"","meta":{"footnotes":""},"class_list":["post-1151","page","type-page","status-publish","has-post-thumbnail","hentry","gallery-content-unit"],"_links":{"self":[{"href":"https:\/\/alanbaskanligi.bursa.bel.tr\/en\/wp-json\/wp\/v2\/pages\/1151","targetHints":{"allow":["GET"]}}],"collection":[{"href":"https:\/\/alanbaskanligi.bursa.bel.tr\/en\/wp-json\/wp\/v2\/pages"}],"about":[{"href":"https:\/\/alanbaskanligi.bursa.bel.tr\/en\/wp-json\/wp\/v2\/types\/page"}],"author":[{"embeddable":true,"href":"https:\/\/alanbaskanligi.bursa.bel.tr\/en\/wp-json\/wp\/v2\/users\/6"}],"replies":[{"embeddable":true,"href":"https:\/\/alanbaskanligi.bursa.bel.tr\/en\/wp-json\/wp\/v2\/comments?post=1151"}],"version-history":[{"count":0,"href":"https:\/\/alanbaskanligi.bursa.bel.tr\/en\/wp-json\/wp\/v2\/pages\/1151\/revisions"}],"wp:featuredmedia":[{"embeddable":true,"href":"https:\/\/alanbaskanligi.bursa.bel.tr\/en\/wp-json\/wp\/v2\/media\/2493"}],"wp:attachment":[{"href":"https:\/\/alanbaskanligi.bursa.bel.tr\/en\/wp-json\/wp\/v2\/media?parent=1151"}],"curies":[{"name":"wp","href":"https:\/\/api.w.org\/{rel}","templated":true}]}}