{"id":1167,"date":"2012-02-20T16:49:25","date_gmt":"2012-02-20T14:49:25","guid":{"rendered":"http:\/\/alanbaskanligi.bursa.bel.tr\/?page_id=1167"},"modified":"2012-08-22T09:23:38","modified_gmt":"2012-08-22T07:23:38","slug":"ahsap-han-2","status":"publish","type":"page","link":"https:\/\/alanbaskanligi.bursa.bel.tr\/en\/ahsap-han-2\/","title":{"rendered":"Ah\u015fap Han"},"content":{"rendered":"<p><strong>Ah\u015fap Han: <\/strong>137 Envanter Numaral\u0131 olan Ah\u015fap Han, Tahtakale mahallesindedir. Tahtakale Han\u0131\u2019n\u0131n bat\u0131s\u0131nda k\u00f6\u015fede yer alan yap\u0131, \u00c7a\u011flayan Otel ve Garaj ad\u0131yla kullan\u0131lm\u0131\u015ft\u0131r.<\/p>\n<p><em>Bursa K\u00fclt\u00fcr Varl\u0131klar\u0131 Envanteri:An\u0131tsal Eserler, Bursa B\u00fcy\u00fck\u015fehir Belediyesi Yay\u0131nlar\u0131,236.<\/em><\/p>\n<p><strong>Ah\u015fap Han: <\/strong>138 Envanter numaral\u0131 Ah\u015faphan Tahtakale mahallesindedir. Bug\u00fcn Han\u0131n birimleri d\u00fckkan olarak kullan\u0131lmakta\u00a0 olup, bir d\u00f6nem de Marmara Oteli olarak i\u015flev g\u00f6rm\u00fc\u015ft\u00fcr.<\/p>\n<p><em>Bursa K\u00fclt\u00fcr Varl\u0131klar\u0131 Envanteri:An\u0131tsal Eserler, Bursa B\u00fcy\u00fck\u015fehir Belediyesi Yay\u0131nlar\u0131,237.<\/em><\/p>\n<p><strong>\n\t\t<style type=\"text\/css\">\n\t\t\t#gallery-1 {\n\t\t\t\tmargin: auto;\n\t\t\t}\n\t\t\t#gallery-1 .gallery-item {\n\t\t\t\tfloat: left;\n\t\t\t\tmargin-top: 10px;\n\t\t\t\ttext-align: center;\n\t\t\t\twidth: 33%;\n\t\t\t}\n\t\t\t#gallery-1 img {\n\t\t\t\tborder: 2px solid #cfcfcf;\n\t\t\t}\n\t\t\t#gallery-1 .gallery-caption {\n\t\t\t\tmargin-left: 0;\n\t\t\t}\n\t\t\t\/* see gallery_shortcode() in wp-includes\/media.php *\/\n\t\t<\/style>\n\t\t<div id='gallery-1' class='gallery galleryid-1167 gallery-columns-3 gallery-size-thumbnail'><dl class='gallery-item'>\n\t\t\t<dt class='gallery-icon landscape'>\n\t\t\t\t<a href=\"https:\/\/alanbaskanligi.bursa.bel.tr\/en\/wp-content\/uploads\/2012\/02\/AHSAP-HAN.jpg\" title=\"AH\u015eAP HAN\" data-description=\"\"><img loading=\"lazy\" decoding=\"async\" width=\"150\" height=\"150\" src=\"https:\/\/alanbaskanligi.bursa.bel.tr\/en\/wp-content\/uploads\/2012\/02\/AHSAP-HAN-150x150.jpg\" class=\"attachment-thumbnail size-thumbnail\" alt=\"\"><\/a>\n\t\t\t<\/dt><\/dl><dl class='gallery-item'>\n\t\t\t<dt class='gallery-icon landscape'>\n\t\t\t\t<a href=\"https:\/\/alanbaskanligi.bursa.bel.tr\/en\/wp-content\/uploads\/2012\/02\/AHSAP-HAN-1.jpg\" title=\"AH\u015eAP HAN \" data-description=\"\"><img loading=\"lazy\" decoding=\"async\" width=\"150\" height=\"150\" src=\"https:\/\/alanbaskanligi.bursa.bel.tr\/en\/wp-content\/uploads\/2012\/02\/AHSAP-HAN-1-150x150.jpg\" class=\"attachment-thumbnail size-thumbnail\" alt=\"\"><\/a>\n\t\t\t<\/dt><\/dl><dl class='gallery-item'>\n\t\t\t<dt class='gallery-icon landscape'>\n\t\t\t\t<a href=\"https:\/\/alanbaskanligi.bursa.bel.tr\/en\/wp-content\/uploads\/2012\/02\/AHSAP-HAN-2.jpg\" title=\"AHSAP HAN (2)\" data-description=\"\"><img loading=\"lazy\" decoding=\"async\" width=\"150\" height=\"150\" src=\"https:\/\/alanbaskanligi.bursa.bel.tr\/en\/wp-content\/uploads\/2012\/02\/AHSAP-HAN-2-150x150.jpg\" class=\"attachment-thumbnail size-thumbnail\" alt=\"\"><\/a>\n\t\t\t<\/dt><\/dl><br style=\"clear: both\" \/><dl class='gallery-item'>\n\t\t\t<dt class='gallery-icon portrait'>\n\t\t\t\t<a href=\"https:\/\/alanbaskanligi.bursa.bel.tr\/en\/wp-content\/uploads\/2012\/02\/AHSAP-HAN-3.jpg\" title=\"AHSAP HAN (3)\" data-description=\"\"><img loading=\"lazy\" decoding=\"async\" width=\"150\" height=\"150\" src=\"https:\/\/alanbaskanligi.bursa.bel.tr\/en\/wp-content\/uploads\/2012\/02\/AHSAP-HAN-3-150x150.jpg\" class=\"attachment-thumbnail size-thumbnail\" alt=\"\"><\/a>\n\t\t\t<\/dt><\/dl>\n\t\t\t<br style='clear: both' \/>\n\t\t<\/div>\n<\/p>\n<p><\/strong><\/p>\n<p>&nbsp;<\/p>\n<p>&nbsp;<\/p>\n<p>&nbsp;<\/p>\n<p>&nbsp;<\/p>\n","protected":false},"excerpt":{"rendered":"<p>Ah\u015fap Han: 137 Envanter Numaral\u0131 olan Ah\u015fap Han, Tahtakale mahallesindedir. Tahtakale Han\u0131\u2019n\u0131n bat\u0131s\u0131nda k\u00f6\u015fede yer alan yap\u0131, \u00c7a\u011flayan Otel ve Garaj ad\u0131yla kullan\u0131lm\u0131\u015ft\u0131r. Bursa K\u00fclt\u00fcr Varl\u0131klar\u0131 Envanteri:An\u0131tsal Eserler, Bursa B\u00fcy\u00fck\u015fehir Belediyesi Yay\u0131nlar\u0131,236. Ah\u015fap Han: 138 Envanter numaral\u0131 Ah\u015faphan Tahtakale mahallesindedir. [&hellip;]<\/p>\n","protected":false},"author":6,"featured_media":2505,"parent":0,"menu_order":2,"comment_status":"closed","ping_status":"open","template":"","meta":{"footnotes":""},"class_list":["post-1167","page","type-page","status-publish","has-post-thumbnail","hentry","gallery-content-unit"],"_links":{"self":[{"href":"https:\/\/alanbaskanligi.bursa.bel.tr\/en\/wp-json\/wp\/v2\/pages\/1167","targetHints":{"allow":["GET"]}}],"collection":[{"href":"https:\/\/alanbaskanligi.bursa.bel.tr\/en\/wp-json\/wp\/v2\/pages"}],"about":[{"href":"https:\/\/alanbaskanligi.bursa.bel.tr\/en\/wp-json\/wp\/v2\/types\/page"}],"author":[{"embeddable":true,"href":"https:\/\/alanbaskanligi.bursa.bel.tr\/en\/wp-json\/wp\/v2\/users\/6"}],"replies":[{"embeddable":true,"href":"https:\/\/alanbaskanligi.bursa.bel.tr\/en\/wp-json\/wp\/v2\/comments?post=1167"}],"version-history":[{"count":0,"href":"https:\/\/alanbaskanligi.bursa.bel.tr\/en\/wp-json\/wp\/v2\/pages\/1167\/revisions"}],"wp:featuredmedia":[{"embeddable":true,"href":"https:\/\/alanbaskanligi.bursa.bel.tr\/en\/wp-json\/wp\/v2\/media\/2505"}],"wp:attachment":[{"href":"https:\/\/alanbaskanligi.bursa.bel.tr\/en\/wp-json\/wp\/v2\/media?parent=1167"}],"curies":[{"name":"wp","href":"https:\/\/api.w.org\/{rel}","templated":true}]}}