{"id":1198,"date":"2012-02-21T08:56:08","date_gmt":"2012-02-21T06:56:08","guid":{"rendered":"http:\/\/alanbaskanligi.bursa.bel.tr\/?page_id=1198"},"modified":"2012-08-22T08:50:27","modified_gmt":"2012-08-22T06:50:27","slug":"geyve-han-haci-ivaz-pasa-hani-lonca-han-payegah","status":"publish","type":"page","link":"https:\/\/alanbaskanligi.bursa.bel.tr\/en\/geyve-han-haci-ivaz-pasa-hani-lonca-han-payegah\/","title":{"rendered":"Geyve Han (Hac\u0131 \u0130vaz Pa\u015fa Han\u0131, Lonca Han, Payegah)"},"content":{"rendered":"<p><strong>Geyve Han:<\/strong><strong> <\/strong>15. y\u00fczy\u0131lda Hac\u0131 \u0130vaz Pa\u015fa\u2019n\u0131n in\u015fa edip \u00c7elebi Mehmed\u2019e hediye etti\u011fi Geyve Han\u0131\u2019n\u0131n yap\u0131l\u0131\u015f amac\u0131, \u0130pek Han\u0131 gibi Ye\u015fil K\u00fclliye\u2019ye gelir getirmektir. \u0130vazpa\u015fa Han\u0131 veya Lonca Han\u0131 olarak da adland\u0131r\u0131lmaktad\u0131r. Kapal\u0131 \u00c7ar\u015f\u0131\u2019dan Yorganc\u0131lar \u00c7ar\u015f\u0131s\u0131\u2019na d\u00f6n\u00fc\u015fte Demirkap\u0131 denilen b\u00f6lgede yer almaktad\u0131r. Bedesten binas\u0131, kapal\u0131 \u00e7ar\u015f\u0131n\u0131n \u00e7ekirde\u011fi olarak kabul edilmi\u015f ve etraf\u0131ndaki \u00e7ar\u015f\u0131 ve han yap\u0131lar\u0131 buna g\u00f6re planlanm\u0131\u015f oldu\u011fundan, bedestenin do\u011fu kap\u0131s\u0131n\u0131n kar\u015f\u0131s\u0131ndaki Geyve Han\u0131, Yorganc\u0131lar \u00c7ar\u015f\u0131s\u0131 soka\u011f\u0131nda ve \u00e7ar\u015f\u0131 ekseni \u00fczerinde bulunmakta olup, konumuyla kapal\u0131 \u00e7ar\u015f\u0131n\u0131n en hareketli noktas\u0131ndad\u0131r. D\u0131\u015ftan moloz ta\u015f ve tu\u011fla, i\u00e7ten ise kemerler, ayaklar ve kap\u0131lar tamamen tu\u011fla duvar i\u015f\u00e7ili\u011fine sahip, iki katl\u0131 ve kirpi sa\u00e7akl\u0131 bir yap\u0131d\u0131r. Han\u0131n bat\u0131, kuzey ve g\u00fcney cephesinde birer kap\u0131s\u0131, ta\u00e7 kap\u0131n\u0131n tam kar\u015f\u0131s\u0131 olan do\u011fu kanad\u0131nda bir mescidi, alt kat\u0131nda yirmi alt\u0131, \u00fcst kat\u0131nda ise otuz d\u00fckkan yer almaktad\u0131r. Ah\u0131rlar\u0131 yok olmu\u015ftur. 2007 y\u0131l\u0131nda Osmangazi Belediyesi\u2019nce esasl\u0131 bir tamir g\u00f6rm\u00fc\u015f ve \u00f6n\u00fcndeki baz\u0131 muhdes binalar kald\u0131r\u0131larak g\u00fcn y\u00fcz\u00fcne \u00e7\u0131kar\u0131lm\u0131\u015ft\u0131r.<\/p>\n<p>Ba\u011fbanc\u0131, \u201cHanlar B\u00f6lgesi\u2019nin 14. Y\u00fczy\u0131ldan G\u00fcn\u00fcm\u00fcze De\u011fi\u015fim ve D\u00f6n\u00fc\u015f\u00fcm S\u00fcreci\u201d, 438-449; Baykal, <em>Bursa ve An\u0131tlar\u0131<\/em>, 105; <em>Bursa Ansiklopedisi<\/em>, Cilt 2, 767-768; Kaplano\u011flu, <em>Bursa An\u0131tlar Ansiklopedisi<\/em>, 58; Yalman, <em>Bursa<\/em>, 85-86<\/p>\n<p>&nbsp;<\/p>\n<p><strong>\n\t\t<style type=\"text\/css\">\n\t\t\t#gallery-1 {\n\t\t\t\tmargin: auto;\n\t\t\t}\n\t\t\t#gallery-1 .gallery-item {\n\t\t\t\tfloat: left;\n\t\t\t\tmargin-top: 10px;\n\t\t\t\ttext-align: center;\n\t\t\t\twidth: 33%;\n\t\t\t}\n\t\t\t#gallery-1 img {\n\t\t\t\tborder: 2px solid #cfcfcf;\n\t\t\t}\n\t\t\t#gallery-1 .gallery-caption {\n\t\t\t\tmargin-left: 0;\n\t\t\t}\n\t\t\t\/* see gallery_shortcode() in wp-includes\/media.php *\/\n\t\t<\/style>\n\t\t<div id='gallery-1' class='gallery galleryid-1198 gallery-columns-3 gallery-size-thumbnail'><dl class='gallery-item'>\n\t\t\t<dt class='gallery-icon landscape'>\n\t\t\t\t<a href=\"https:\/\/alanbaskanligi.bursa.bel.tr\/en\/wp-content\/uploads\/2012\/02\/GEYVE-HAN1.jpg\" title=\"GEYVE HAN\" data-description=\"\"><img loading=\"lazy\" decoding=\"async\" width=\"150\" height=\"150\" src=\"https:\/\/alanbaskanligi.bursa.bel.tr\/en\/wp-content\/uploads\/2012\/02\/GEYVE-HAN1-150x150.jpg\" class=\"attachment-thumbnail size-thumbnail\" alt=\"\"><\/a>\n\t\t\t<\/dt><\/dl><dl class='gallery-item'>\n\t\t\t<dt class='gallery-icon landscape'>\n\t\t\t\t<a href=\"https:\/\/alanbaskanligi.bursa.bel.tr\/en\/wp-content\/uploads\/2012\/02\/GEYVE-HAN.jpg\" title=\"GEYVE HAN\" data-description=\"\"><img loading=\"lazy\" decoding=\"async\" width=\"150\" height=\"150\" src=\"https:\/\/alanbaskanligi.bursa.bel.tr\/en\/wp-content\/uploads\/2012\/02\/GEYVE-HAN-150x150.jpg\" class=\"attachment-thumbnail size-thumbnail\" alt=\"\"><\/a>\n\t\t\t<\/dt><\/dl>\n\t\t\t<br style='clear: both' \/>\n\t\t<\/div>\n<\/p>\n<p><\/strong><\/p>\n<p>&nbsp;<\/p>\n<p>&nbsp;<\/p>\n<p>&nbsp;<\/p>\n","protected":false},"excerpt":{"rendered":"<p>Geyve Han: 15. y\u00fczy\u0131lda Hac\u0131 \u0130vaz Pa\u015fa\u2019n\u0131n in\u015fa edip \u00c7elebi Mehmed\u2019e hediye etti\u011fi Geyve Han\u0131\u2019n\u0131n yap\u0131l\u0131\u015f amac\u0131, \u0130pek Han\u0131 gibi Ye\u015fil K\u00fclliye\u2019ye gelir getirmektir. \u0130vazpa\u015fa Han\u0131 veya Lonca Han\u0131 olarak da adland\u0131r\u0131lmaktad\u0131r. Kapal\u0131 \u00c7ar\u015f\u0131\u2019dan Yorganc\u0131lar \u00c7ar\u015f\u0131s\u0131\u2019na d\u00f6n\u00fc\u015fte Demirkap\u0131 denilen b\u00f6lgede [&hellip;]<\/p>\n","protected":false},"author":6,"featured_media":2586,"parent":0,"menu_order":2,"comment_status":"closed","ping_status":"open","template":"","meta":{"footnotes":""},"class_list":["post-1198","page","type-page","status-publish","has-post-thumbnail","hentry","gallery-content-unit"],"_links":{"self":[{"href":"https:\/\/alanbaskanligi.bursa.bel.tr\/en\/wp-json\/wp\/v2\/pages\/1198","targetHints":{"allow":["GET"]}}],"collection":[{"href":"https:\/\/alanbaskanligi.bursa.bel.tr\/en\/wp-json\/wp\/v2\/pages"}],"about":[{"href":"https:\/\/alanbaskanligi.bursa.bel.tr\/en\/wp-json\/wp\/v2\/types\/page"}],"author":[{"embeddable":true,"href":"https:\/\/alanbaskanligi.bursa.bel.tr\/en\/wp-json\/wp\/v2\/users\/6"}],"replies":[{"embeddable":true,"href":"https:\/\/alanbaskanligi.bursa.bel.tr\/en\/wp-json\/wp\/v2\/comments?post=1198"}],"version-history":[{"count":0,"href":"https:\/\/alanbaskanligi.bursa.bel.tr\/en\/wp-json\/wp\/v2\/pages\/1198\/revisions"}],"wp:featuredmedia":[{"embeddable":true,"href":"https:\/\/alanbaskanligi.bursa.bel.tr\/en\/wp-json\/wp\/v2\/media\/2586"}],"wp:attachment":[{"href":"https:\/\/alanbaskanligi.bursa.bel.tr\/en\/wp-json\/wp\/v2\/media?parent=1198"}],"curies":[{"name":"wp","href":"https:\/\/api.w.org\/{rel}","templated":true}]}}