{"id":1204,"date":"2012-02-21T09:00:23","date_gmt":"2012-02-21T07:00:23","guid":{"rendered":"http:\/\/alanbaskanligi.bursa.bel.tr\/?page_id=1204"},"modified":"2012-04-02T10:31:20","modified_gmt":"2012-04-02T08:31:20","slug":"ic-kozahan","status":"publish","type":"page","link":"https:\/\/alanbaskanligi.bursa.bel.tr\/en\/ic-kozahan\/","title":{"rendered":"\u0130\u00e7 Kozahan"},"content":{"rendered":"<p><strong>\u0130\u00e7 Kozahan: <\/strong>Eskiden ah\u0131r olarak kullan\u0131lan \u0130\u00e7 Koza Han, Koza Han\u2019a do\u011fudan biti\u015fiktir. \u0130\u00e7 Kozahan\u2019a, Koza Han\u2019\u0131n\u00a0 do\u011fu duvar\u0131nda yer alan 3.66 m. lik bir a\u00e7\u0131kl\u0131kla ge\u00e7ilmektedir. Han\u2019\u0131n bu k\u0131sm\u0131n\u0131n yak\u0131n bir tarihte restorasyonu tamamlanm\u0131\u015f olup, bu g\u00fcn yeme-i\u00e7me ama\u00e7l\u0131 kullan\u0131lmaktad\u0131r.<\/p>\n<p><em>Bursa K\u00fclt\u00fcr Varl\u0131klar\u0131 Envanteri:An\u0131tsal Eserler, Bursa B\u00fcy\u00fck\u015fehir Belediyesi Yay\u0131nlar\u0131,245.<\/em><\/p>\n<p><strong>\n\t\t<style type=\"text\/css\">\n\t\t\t#gallery-1 {\n\t\t\t\tmargin: auto;\n\t\t\t}\n\t\t\t#gallery-1 .gallery-item {\n\t\t\t\tfloat: left;\n\t\t\t\tmargin-top: 10px;\n\t\t\t\ttext-align: center;\n\t\t\t\twidth: 33%;\n\t\t\t}\n\t\t\t#gallery-1 img {\n\t\t\t\tborder: 2px solid #cfcfcf;\n\t\t\t}\n\t\t\t#gallery-1 .gallery-caption {\n\t\t\t\tmargin-left: 0;\n\t\t\t}\n\t\t\t\/* see gallery_shortcode() in wp-includes\/media.php *\/\n\t\t<\/style>\n\t\t<div id='gallery-1' class='gallery galleryid-1204 gallery-columns-3 gallery-size-thumbnail'><dl class='gallery-item'>\n\t\t\t<dt class='gallery-icon portrait'>\n\t\t\t\t<a href=\"https:\/\/alanbaskanligi.bursa.bel.tr\/en\/wp-content\/uploads\/2012\/02\/DSCF3183-Large.jpg\" title=\"\u0130\u00c7 KOZAHAN\" data-description=\"\"><img loading=\"lazy\" decoding=\"async\" width=\"150\" height=\"150\" src=\"https:\/\/alanbaskanligi.bursa.bel.tr\/en\/wp-content\/uploads\/2012\/02\/DSCF3183-Large-150x150.jpg\" class=\"attachment-thumbnail size-thumbnail\" alt=\"\"><\/a>\n\t\t\t<\/dt><\/dl><dl class='gallery-item'>\n\t\t\t<dt class='gallery-icon landscape'>\n\t\t\t\t<a href=\"https:\/\/alanbaskanligi.bursa.bel.tr\/en\/wp-content\/uploads\/2012\/02\/DSCF3186-Large.jpg\" title=\"\u0130\u00c7 KOZAHAN\" data-description=\"\"><img loading=\"lazy\" decoding=\"async\" width=\"150\" height=\"150\" src=\"https:\/\/alanbaskanligi.bursa.bel.tr\/en\/wp-content\/uploads\/2012\/02\/DSCF3186-Large-150x150.jpg\" class=\"attachment-thumbnail size-thumbnail\" alt=\"\"><\/a>\n\t\t\t<\/dt><\/dl><dl class='gallery-item'>\n\t\t\t<dt class='gallery-icon landscape'>\n\t\t\t\t<a href=\"https:\/\/alanbaskanligi.bursa.bel.tr\/en\/wp-content\/uploads\/2012\/02\/DSCF3185.jpg\" title=\"\u0130\u00c7 KOZAHAN\" data-description=\"\"><img loading=\"lazy\" decoding=\"async\" width=\"150\" height=\"150\" src=\"https:\/\/alanbaskanligi.bursa.bel.tr\/en\/wp-content\/uploads\/2012\/02\/DSCF3185-150x150.jpg\" class=\"attachment-thumbnail size-thumbnail\" alt=\"\"><\/a>\n\t\t\t<\/dt><\/dl><br style=\"clear: both\" \/>\n\t\t<\/div>\n<\/p>\n<p><\/strong><\/p>\n","protected":false},"excerpt":{"rendered":"<p>\u0130\u00e7 Kozahan: Eskiden ah\u0131r olarak kullan\u0131lan \u0130\u00e7 Koza Han, Koza Han\u2019a do\u011fudan biti\u015fiktir. \u0130\u00e7 Kozahan\u2019a, Koza Han\u2019\u0131n\u00a0 do\u011fu duvar\u0131nda yer alan 3.66 m. lik bir a\u00e7\u0131kl\u0131kla ge\u00e7ilmektedir. Han\u2019\u0131n bu k\u0131sm\u0131n\u0131n yak\u0131n bir tarihte restorasyonu tamamlanm\u0131\u015f olup, bu g\u00fcn yeme-i\u00e7me ama\u00e7l\u0131 [&hellip;]<\/p>\n","protected":false},"author":6,"featured_media":2592,"parent":0,"menu_order":2,"comment_status":"closed","ping_status":"open","template":"","meta":{"footnotes":""},"class_list":["post-1204","page","type-page","status-publish","has-post-thumbnail","hentry","gallery-content-unit"],"_links":{"self":[{"href":"https:\/\/alanbaskanligi.bursa.bel.tr\/en\/wp-json\/wp\/v2\/pages\/1204","targetHints":{"allow":["GET"]}}],"collection":[{"href":"https:\/\/alanbaskanligi.bursa.bel.tr\/en\/wp-json\/wp\/v2\/pages"}],"about":[{"href":"https:\/\/alanbaskanligi.bursa.bel.tr\/en\/wp-json\/wp\/v2\/types\/page"}],"author":[{"embeddable":true,"href":"https:\/\/alanbaskanligi.bursa.bel.tr\/en\/wp-json\/wp\/v2\/users\/6"}],"replies":[{"embeddable":true,"href":"https:\/\/alanbaskanligi.bursa.bel.tr\/en\/wp-json\/wp\/v2\/comments?post=1204"}],"version-history":[{"count":0,"href":"https:\/\/alanbaskanligi.bursa.bel.tr\/en\/wp-json\/wp\/v2\/pages\/1204\/revisions"}],"wp:featuredmedia":[{"embeddable":true,"href":"https:\/\/alanbaskanligi.bursa.bel.tr\/en\/wp-json\/wp\/v2\/media\/2592"}],"wp:attachment":[{"href":"https:\/\/alanbaskanligi.bursa.bel.tr\/en\/wp-json\/wp\/v2\/media?parent=1204"}],"curies":[{"name":"wp","href":"https:\/\/api.w.org\/{rel}","templated":true}]}}