{"id":1206,"date":"2012-02-21T09:01:37","date_gmt":"2012-02-21T07:01:37","guid":{"rendered":"http:\/\/alanbaskanligi.bursa.bel.tr\/?page_id=1206"},"modified":"2012-08-22T08:38:46","modified_gmt":"2012-08-22T06:38:46","slug":"ipek-han","status":"publish","type":"page","link":"https:\/\/alanbaskanligi.bursa.bel.tr\/en\/ipek-han\/","title":{"rendered":"\u0130pek Han"},"content":{"rendered":"<p><strong>\u0130pek Han:<\/strong> Ulu Cami ile Pirin\u00e7 Han\u0131 aras\u0131nda yer alan \u0130pek Han, Sultan \u00c7elebi Mehmed taraf\u0131ndan Ye\u015fil K\u00fclliye\u2019ye gelir getirmesi i\u00e7in 15. y\u00fczy\u0131l\u0131n ilk yar\u0131s\u0131nda yapt\u0131r\u0131lm\u0131\u015ft\u0131r.\u00a0 Eski kay\u0131tlarda Sultan Han\u0131, Han-\u0131 Harir, Yeni \u0130pek Han\u0131, Eski \u0130pek Han\u0131 gibi isimlerle ge\u00e7ti\u011fi gibi, bir zamanlar i\u00e7inde landon tipi araba imalat\u00e7\u0131lar\u0131 ve tamircileri bulundu\u011fu i\u00e7in Faytoncular ya da Arabac\u0131lar Han\u0131 olarak da adland\u0131r\u0131lm\u0131\u015ft\u0131r. \u0130pek Han\u0131\u2019n\u0131n mimar\u0131n\u0131n, Sultan \u00c7elebi Mehmed d\u00f6neminin de\u011ferli devlet adam\u0131, asker ve mimar\u0131 olan Hac\u0131 \u0130vaz Pa\u015fa oldu\u011fu \u00e7e\u015fitli kaynaklarda ifade edilmektedir. Kaba yonu ta\u015f ve tu\u011fla duvar i\u015f\u00e7ili\u011fine sahip olan han\u0131n, ar\u015fiv vesikalar\u0131na g\u00f6re, altta 38 ve \u00fcstte de 38 olmak \u00fczere 76 odas\u0131, ah\u0131r\u0131, ortas\u0131nda bir \u015fad\u0131rvan\u0131 ve d\u00f6rt odas\u0131 ile bunlar\u0131n \u00fczerinde mescidi vard\u0131r. Odalar\u0131n \u00f6n\u00fcnde bulunan revaklar\u0131n \u00fczeri kubbe ve tonoz ile, odalar\u0131n \u00fczeri de yuvarlak tonozlar ile \u00f6rt\u00fcl\u00fcd\u00fcr. Ancak, daha sonralar\u0131 baz\u0131 mahalleri de oda haline getirilmi\u015f ve g\u00fcn\u00fcm\u00fczde oda say\u0131s\u0131 81\u2019e ula\u015fm\u0131\u015ft\u0131r. 19. y\u00fczy\u0131l sonlar\u0131nda Vali Ahmed Vefik Pa\u015fa d\u00f6neminde Mecidiye Caddesi\u2019nin a\u00e7\u0131lmas\u0131 s\u0131ras\u0131nda han\u0131n do\u011fusundaki giri\u015f cephesi y\u0131k\u0131lm\u0131\u015f, 1958\u2019den sonra bu b\u00f6l\u00fcm yeniden yap\u0131lm\u0131\u015ft\u0131r. G\u00fcn\u00fcm\u00fczde handa terzi at\u00f6lyeleri ve giysi satan d\u00fckkanlar bulunmaktad\u0131r.<\/p>\n<p>(Ba\u011fbanc\u0131, \u201cHanlar B\u00f6lgesi\u2019nin 14. Y\u00fczy\u0131ldan G\u00fcn\u00fcm\u00fcze De\u011fi\u015fim ve D\u00f6n\u00fc\u015f\u00fcm S\u00fcreci\u201d, 438-449; Baykal, <em>Bursa ve An\u0131tlar\u0131<\/em>, 93-94; <em>Bursa Ansiklopedisi<\/em>, Cilt 3, 937; Kaplano\u011flu, <em>Bursa An\u0131tlar Ansiklopedisi<\/em>, 72; Yalman, <em>Bursa<\/em>, 90-91)<\/p>\n\n\t\t<style type=\"text\/css\">\n\t\t\t#gallery-1 {\n\t\t\t\tmargin: auto;\n\t\t\t}\n\t\t\t#gallery-1 .gallery-item {\n\t\t\t\tfloat: left;\n\t\t\t\tmargin-top: 10px;\n\t\t\t\ttext-align: center;\n\t\t\t\twidth: 33%;\n\t\t\t}\n\t\t\t#gallery-1 img {\n\t\t\t\tborder: 2px solid #cfcfcf;\n\t\t\t}\n\t\t\t#gallery-1 .gallery-caption {\n\t\t\t\tmargin-left: 0;\n\t\t\t}\n\t\t\t\/* see gallery_shortcode() in wp-includes\/media.php *\/\n\t\t<\/style>\n\t\t<div id='gallery-1' class='gallery galleryid-1206 gallery-columns-3 gallery-size-thumbnail'><dl class='gallery-item'>\n\t\t\t<dt class='gallery-icon landscape'>\n\t\t\t\t<a href=\"https:\/\/alanbaskanligi.bursa.bel.tr\/en\/wp-content\/uploads\/2012\/02\/ipek-han-Large.jpg\" title=\"\u0130PEK HAN\" data-description=\"\"><img loading=\"lazy\" decoding=\"async\" width=\"150\" height=\"150\" src=\"https:\/\/alanbaskanligi.bursa.bel.tr\/en\/wp-content\/uploads\/2012\/02\/ipek-han-Large-150x150.jpg\" class=\"attachment-thumbnail size-thumbnail\" alt=\"\"><\/a>\n\t\t\t<\/dt><\/dl><dl class='gallery-item'>\n\t\t\t<dt class='gallery-icon landscape'>\n\t\t\t\t<a href=\"https:\/\/alanbaskanligi.bursa.bel.tr\/en\/wp-content\/uploads\/2012\/02\/ipek-han-1-Large.jpg\" title=\"\u0130PEK HAN\" data-description=\"\"><img loading=\"lazy\" decoding=\"async\" width=\"150\" height=\"150\" src=\"https:\/\/alanbaskanligi.bursa.bel.tr\/en\/wp-content\/uploads\/2012\/02\/ipek-han-1-Large-150x150.jpg\" class=\"attachment-thumbnail size-thumbnail\" alt=\"\"><\/a>\n\t\t\t<\/dt><\/dl><dl class='gallery-item'>\n\t\t\t<dt class='gallery-icon landscape'>\n\t\t\t\t<a href=\"https:\/\/alanbaskanligi.bursa.bel.tr\/en\/wp-content\/uploads\/2012\/02\/ipek-han-2-Large.jpg\" title=\"\u0130PEK HAN\" data-description=\"\"><img loading=\"lazy\" decoding=\"async\" width=\"150\" height=\"150\" src=\"https:\/\/alanbaskanligi.bursa.bel.tr\/en\/wp-content\/uploads\/2012\/02\/ipek-han-2-Large-150x150.jpg\" class=\"attachment-thumbnail size-thumbnail\" alt=\"\"><\/a>\n\t\t\t<\/dt><\/dl><br style=\"clear: both\" \/><dl class='gallery-item'>\n\t\t\t<dt class='gallery-icon portrait'>\n\t\t\t\t<a href=\"https:\/\/alanbaskanligi.bursa.bel.tr\/en\/wp-content\/uploads\/2012\/02\/IMG_0383-Large.jpg\" title=\"\u0130PEK HAN\" data-description=\"\"><img loading=\"lazy\" decoding=\"async\" width=\"150\" height=\"150\" src=\"https:\/\/alanbaskanligi.bursa.bel.tr\/en\/wp-content\/uploads\/2012\/02\/IMG_0383-Large-150x150.jpg\" class=\"attachment-thumbnail size-thumbnail\" alt=\"\"><\/a>\n\t\t\t<\/dt><\/dl><dl class='gallery-item'>\n\t\t\t<dt class='gallery-icon landscape'>\n\t\t\t\t<a href=\"https:\/\/alanbaskanligi.bursa.bel.tr\/en\/wp-content\/uploads\/2012\/02\/IMG_5678-Large.jpg\" title=\"\u0130PEK HAN\" data-description=\"\"><img loading=\"lazy\" decoding=\"async\" width=\"150\" height=\"150\" src=\"https:\/\/alanbaskanligi.bursa.bel.tr\/en\/wp-content\/uploads\/2012\/02\/IMG_5678-Large-150x150.jpg\" class=\"attachment-thumbnail size-thumbnail\" alt=\"\"><\/a>\n\t\t\t<\/dt><\/dl>\n\t\t\t<br style='clear: both' \/>\n\t\t<\/div>\n\n","protected":false},"excerpt":{"rendered":"<p>\u0130pek Han: Ulu Cami ile Pirin\u00e7 Han\u0131 aras\u0131nda yer alan \u0130pek Han, Sultan \u00c7elebi Mehmed taraf\u0131ndan Ye\u015fil K\u00fclliye\u2019ye gelir getirmesi i\u00e7in 15. y\u00fczy\u0131l\u0131n ilk yar\u0131s\u0131nda yapt\u0131r\u0131lm\u0131\u015ft\u0131r.\u00a0 Eski kay\u0131tlarda Sultan Han\u0131, Han-\u0131 Harir, Yeni \u0130pek Han\u0131, Eski \u0130pek Han\u0131 gibi isimlerle [&hellip;]<\/p>\n","protected":false},"author":6,"featured_media":2596,"parent":0,"menu_order":2,"comment_status":"closed","ping_status":"open","template":"","meta":{"footnotes":""},"class_list":["post-1206","page","type-page","status-publish","has-post-thumbnail","hentry","gallery-content-unit"],"_links":{"self":[{"href":"https:\/\/alanbaskanligi.bursa.bel.tr\/en\/wp-json\/wp\/v2\/pages\/1206","targetHints":{"allow":["GET"]}}],"collection":[{"href":"https:\/\/alanbaskanligi.bursa.bel.tr\/en\/wp-json\/wp\/v2\/pages"}],"about":[{"href":"https:\/\/alanbaskanligi.bursa.bel.tr\/en\/wp-json\/wp\/v2\/types\/page"}],"author":[{"embeddable":true,"href":"https:\/\/alanbaskanligi.bursa.bel.tr\/en\/wp-json\/wp\/v2\/users\/6"}],"replies":[{"embeddable":true,"href":"https:\/\/alanbaskanligi.bursa.bel.tr\/en\/wp-json\/wp\/v2\/comments?post=1206"}],"version-history":[{"count":0,"href":"https:\/\/alanbaskanligi.bursa.bel.tr\/en\/wp-json\/wp\/v2\/pages\/1206\/revisions"}],"wp:featuredmedia":[{"embeddable":true,"href":"https:\/\/alanbaskanligi.bursa.bel.tr\/en\/wp-json\/wp\/v2\/media\/2596"}],"wp:attachment":[{"href":"https:\/\/alanbaskanligi.bursa.bel.tr\/en\/wp-json\/wp\/v2\/media?parent=1206"}],"curies":[{"name":"wp","href":"https:\/\/api.w.org\/{rel}","templated":true}]}}