{"id":1239,"date":"2012-02-21T10:03:21","date_gmt":"2012-02-21T08:03:21","guid":{"rendered":"http:\/\/alanbaskanligi.bursa.bel.tr\/?page_id=1239"},"modified":"2012-04-02T14:13:37","modified_gmt":"2012-04-02T12:13:37","slug":"nalincilar-hamami","status":"publish","type":"page","link":"https:\/\/alanbaskanligi.bursa.bel.tr\/en\/nalincilar-hamami\/","title":{"rendered":"Nal\u0131nc\u0131lar Hamam\u0131"},"content":{"rendered":"<p><strong>Nal\u0131nc\u0131lar Hamam\u0131: <\/strong>I. Murad taraf\u0131ndan yapt\u0131r\u0131lan hamam,H\u00fcdavendigar, Gale Pazar\u0131, Postac\u0131lar ve Tah\u0131l Pazar\u0131 adlar\u0131yla an\u0131lmaktad\u0131r. Yap\u0131 Tuz Pazar\u0131 \u00c7ar\u015f\u0131s\u0131 i\u00e7inde yer almaktad\u0131r. Nal\u0131nc\u0131lar Hamam\u0131, \u00e7ifte hamam \u00f6zelli\u011fine sahiptir. 14. 15. y\u00fczy\u0131llar boyunca en g\u00f6zde hamamlardan biridir. 19. y\u00fczy\u0131la kadar hizmet veren hamam, mutemelen 1855 teki b\u00fcy\u00fck deprem s\u0131ras\u0131nda zarar g\u00f6rm\u00fc\u015f, kad\u0131nlar k\u0131sm\u0131 y\u0131k\u0131lm\u0131\u015ft\u0131r.<\/p>\n<p><em>E.\u015eehito\u011flu,Osmanl\u0131 D\u00f6nemi Ticaret Merkezinde \u00c7ar\u015f\u0131 Hamamlar\u0131,,\u00c7ar\u015f\u0131n\u0131n \u00d6yk\u00fcs\u00fc,218.<\/em><\/p>\n\n\t\t<style type=\"text\/css\">\n\t\t\t#gallery-1 {\n\t\t\t\tmargin: auto;\n\t\t\t}\n\t\t\t#gallery-1 .gallery-item {\n\t\t\t\tfloat: left;\n\t\t\t\tmargin-top: 10px;\n\t\t\t\ttext-align: center;\n\t\t\t\twidth: 33%;\n\t\t\t}\n\t\t\t#gallery-1 img {\n\t\t\t\tborder: 2px solid #cfcfcf;\n\t\t\t}\n\t\t\t#gallery-1 .gallery-caption {\n\t\t\t\tmargin-left: 0;\n\t\t\t}\n\t\t\t\/* see gallery_shortcode() in wp-includes\/media.php *\/\n\t\t<\/style>\n\t\t<div id='gallery-1' class='gallery galleryid-1239 gallery-columns-3 gallery-size-thumbnail'><dl class='gallery-item'>\n\t\t\t<dt class='gallery-icon landscape'>\n\t\t\t\t<a href=\"https:\/\/alanbaskanligi.bursa.bel.tr\/en\/wp-content\/uploads\/2012\/02\/IMG_6333_4-Large.jpg\" title=\"NALINCILAR HAMAMI\" data-description=\"\"><img loading=\"lazy\" decoding=\"async\" width=\"150\" height=\"150\" src=\"https:\/\/alanbaskanligi.bursa.bel.tr\/en\/wp-content\/uploads\/2012\/02\/IMG_6333_4-Large-150x150.jpg\" class=\"attachment-thumbnail size-thumbnail\" alt=\"\"><\/a>\n\t\t\t<\/dt><\/dl><dl class='gallery-item'>\n\t\t\t<dt class='gallery-icon landscape'>\n\t\t\t\t<a href=\"https:\/\/alanbaskanligi.bursa.bel.tr\/en\/wp-content\/uploads\/2012\/02\/IMG_6367-Large.jpg\" title=\"NALINCILAR HAMAMI\" data-description=\"\"><img loading=\"lazy\" decoding=\"async\" width=\"150\" height=\"150\" src=\"https:\/\/alanbaskanligi.bursa.bel.tr\/en\/wp-content\/uploads\/2012\/02\/IMG_6367-Large-150x150.jpg\" class=\"attachment-thumbnail size-thumbnail\" alt=\"\"><\/a>\n\t\t\t<\/dt><\/dl>\n\t\t\t<br style='clear: both' \/>\n\t\t<\/div>\n\n","protected":false},"excerpt":{"rendered":"<p>Nal\u0131nc\u0131lar Hamam\u0131: I. Murad taraf\u0131ndan yapt\u0131r\u0131lan hamam,H\u00fcdavendigar, Gale Pazar\u0131, Postac\u0131lar ve Tah\u0131l Pazar\u0131 adlar\u0131yla an\u0131lmaktad\u0131r. Yap\u0131 Tuz Pazar\u0131 \u00c7ar\u015f\u0131s\u0131 i\u00e7inde yer almaktad\u0131r. Nal\u0131nc\u0131lar Hamam\u0131, \u00e7ifte hamam \u00f6zelli\u011fine sahiptir. 14. 15. y\u00fczy\u0131llar boyunca en g\u00f6zde hamamlardan biridir. 19. y\u00fczy\u0131la kadar hizmet [&hellip;]<\/p>\n","protected":false},"author":6,"featured_media":2664,"parent":0,"menu_order":2,"comment_status":"closed","ping_status":"open","template":"","meta":{"footnotes":""},"class_list":["post-1239","page","type-page","status-publish","has-post-thumbnail","hentry","gallery-content-unit"],"_links":{"self":[{"href":"https:\/\/alanbaskanligi.bursa.bel.tr\/en\/wp-json\/wp\/v2\/pages\/1239","targetHints":{"allow":["GET"]}}],"collection":[{"href":"https:\/\/alanbaskanligi.bursa.bel.tr\/en\/wp-json\/wp\/v2\/pages"}],"about":[{"href":"https:\/\/alanbaskanligi.bursa.bel.tr\/en\/wp-json\/wp\/v2\/types\/page"}],"author":[{"embeddable":true,"href":"https:\/\/alanbaskanligi.bursa.bel.tr\/en\/wp-json\/wp\/v2\/users\/6"}],"replies":[{"embeddable":true,"href":"https:\/\/alanbaskanligi.bursa.bel.tr\/en\/wp-json\/wp\/v2\/comments?post=1239"}],"version-history":[{"count":0,"href":"https:\/\/alanbaskanligi.bursa.bel.tr\/en\/wp-json\/wp\/v2\/pages\/1239\/revisions"}],"wp:featuredmedia":[{"embeddable":true,"href":"https:\/\/alanbaskanligi.bursa.bel.tr\/en\/wp-json\/wp\/v2\/media\/2664"}],"wp:attachment":[{"href":"https:\/\/alanbaskanligi.bursa.bel.tr\/en\/wp-json\/wp\/v2\/media?parent=1239"}],"curies":[{"name":"wp","href":"https:\/\/api.w.org\/{rel}","templated":true}]}}