{"id":1262,"date":"2012-02-21T11:21:47","date_gmt":"2012-02-21T09:21:47","guid":{"rendered":"http:\/\/alanbaskanligi.bursa.bel.tr\/?page_id=1262"},"modified":"2012-08-22T08:32:23","modified_gmt":"2012-08-22T06:32:23","slug":"sengul-hamami","status":"publish","type":"page","link":"https:\/\/alanbaskanligi.bursa.bel.tr\/en\/sengul-hamami\/","title":{"rendered":"\u015eeng\u00fcl Hamam\u0131"},"content":{"rendered":"<p><strong>\u015eeng\u00fcl Hamam\u0131: <\/strong>\u015eeng\u00fcl Hamam\u0131 Ulu Cami\u2019nin kuzey bat\u0131s\u0131nda Y\u0131ld\u0131r\u0131m Bayezid d\u00f6neminde\u00a0 (salt. 1389-1402) Ulu Cami vakf\u0131 olarak yapt\u0131r\u0131lm\u0131\u015ft\u0131r. Tek hamam plan tipolojisinde, duvarlar\u0131 moloz ta\u015fla \u00f6r\u00fclerek in\u015fa edilen \u015eeng\u00fcl Hamam\u0131\u2019nda kubbe ile \u00f6rt\u00fcl\u00fc so\u011fukluk k\u0131sm\u0131ndan iki eyvanl\u0131, dikd\u00f6rtgen planl\u0131 s\u0131cakl\u0131k b\u00f6l\u00fcm\u00fcne ge\u00e7ilir. Burada iki tane halvet de vard\u0131r. Kazan ve k\u00fclhan ise hamam\u0131n bat\u0131s\u0131ndad\u0131r. 16. y\u00fczy\u0131lda g\u00fcnl\u00fck 16 ila 25 ak\u00e7eye kiraya verilmekte olan hamam, ge\u00e7irdi\u011fi yang\u0131nlar nedeniyle tahrip olmu\u015ftur. So\u011fukluk b\u00f6l\u00fcm\u00fcn\u00fcn baz\u0131 duvarlar\u0131 y\u0131k\u0131lm\u0131\u015f, sekizgen kasnak \u00fczerine oturmu\u015f bir kubbe ile \u00f6rt\u00fcl\u00fc s\u0131cakl\u0131k b\u00f6l\u00fcm\u00fc ise g\u00fcn\u00fcm\u00fcze kadar ula\u015fabilmi\u015ftir. Halen G\u00fcm\u00fc\u015f\u00e7\u00fcler \u00c7ar\u015f\u0131s\u0131 olarak kullan\u0131lmaktad\u0131r.<\/p>\n<p><em>Bursa Ansiklopedisi<\/em>, Cilt 4, 1553; Kaplano\u011flu, <em>Bursa An\u0131tlar Ansiklopedisi<\/em>, 114-115; Yalman, <em>Bursa<\/em>, 92-93<\/p>\n<p>&nbsp;<\/p>\n\n\t\t<style type=\"text\/css\">\n\t\t\t#gallery-1 {\n\t\t\t\tmargin: auto;\n\t\t\t}\n\t\t\t#gallery-1 .gallery-item {\n\t\t\t\tfloat: left;\n\t\t\t\tmargin-top: 10px;\n\t\t\t\ttext-align: center;\n\t\t\t\twidth: 33%;\n\t\t\t}\n\t\t\t#gallery-1 img {\n\t\t\t\tborder: 2px solid #cfcfcf;\n\t\t\t}\n\t\t\t#gallery-1 .gallery-caption {\n\t\t\t\tmargin-left: 0;\n\t\t\t}\n\t\t\t\/* see gallery_shortcode() in wp-includes\/media.php *\/\n\t\t<\/style>\n\t\t<div id='gallery-1' class='gallery galleryid-1262 gallery-columns-3 gallery-size-thumbnail'><dl class='gallery-item'>\n\t\t\t<dt class='gallery-icon landscape'>\n\t\t\t\t<a href=\"https:\/\/alanbaskanligi.bursa.bel.tr\/en\/wp-content\/uploads\/2012\/02\/SENGUL-HAMAMI.jpg\" title=\"\u015eENG\u00dcL HAMAMI\" data-description=\"\"><img loading=\"lazy\" decoding=\"async\" width=\"150\" height=\"150\" src=\"https:\/\/alanbaskanligi.bursa.bel.tr\/en\/wp-content\/uploads\/2012\/02\/SENGUL-HAMAMI-150x150.jpg\" class=\"attachment-thumbnail size-thumbnail\" alt=\"\"><\/a>\n\t\t\t<\/dt><\/dl><dl class='gallery-item'>\n\t\t\t<dt class='gallery-icon landscape'>\n\t\t\t\t<a href=\"https:\/\/alanbaskanligi.bursa.bel.tr\/en\/wp-content\/uploads\/2012\/02\/SENGUL-HAMAMI-1.jpg\" title=\"\u015eENG\u00dcL HAMAMI\" data-description=\"\"><img loading=\"lazy\" decoding=\"async\" width=\"150\" height=\"150\" src=\"https:\/\/alanbaskanligi.bursa.bel.tr\/en\/wp-content\/uploads\/2012\/02\/SENGUL-HAMAMI-1-150x150.jpg\" class=\"attachment-thumbnail size-thumbnail\" alt=\"\"><\/a>\n\t\t\t<\/dt><\/dl><dl class='gallery-item'>\n\t\t\t<dt class='gallery-icon landscape'>\n\t\t\t\t<a href=\"https:\/\/alanbaskanligi.bursa.bel.tr\/en\/wp-content\/uploads\/2012\/02\/SENGUL-HAMAMI-2.jpg\" title=\"\u015eENG\u00dcL HAMAMI\" data-description=\"\"><img loading=\"lazy\" decoding=\"async\" width=\"150\" height=\"150\" src=\"https:\/\/alanbaskanligi.bursa.bel.tr\/en\/wp-content\/uploads\/2012\/02\/SENGUL-HAMAMI-2-150x150.jpg\" class=\"attachment-thumbnail size-thumbnail\" alt=\"\"><\/a>\n\t\t\t<\/dt><\/dl><br style=\"clear: both\" \/>\n\t\t<\/div>\n\n","protected":false},"excerpt":{"rendered":"<p>\u015eeng\u00fcl Hamam\u0131: \u015eeng\u00fcl Hamam\u0131 Ulu Cami\u2019nin kuzey bat\u0131s\u0131nda Y\u0131ld\u0131r\u0131m Bayezid d\u00f6neminde\u00a0 (salt. 1389-1402) Ulu Cami vakf\u0131 olarak yapt\u0131r\u0131lm\u0131\u015ft\u0131r. Tek hamam plan tipolojisinde, duvarlar\u0131 moloz ta\u015fla \u00f6r\u00fclerek in\u015fa edilen \u015eeng\u00fcl Hamam\u0131\u2019nda kubbe ile \u00f6rt\u00fcl\u00fc so\u011fukluk k\u0131sm\u0131ndan iki eyvanl\u0131, dikd\u00f6rtgen planl\u0131 s\u0131cakl\u0131k [&hellip;]<\/p>\n","protected":false},"author":6,"featured_media":2706,"parent":0,"menu_order":2,"comment_status":"closed","ping_status":"open","template":"","meta":{"footnotes":""},"class_list":["post-1262","page","type-page","status-publish","has-post-thumbnail","hentry","gallery-content-unit"],"_links":{"self":[{"href":"https:\/\/alanbaskanligi.bursa.bel.tr\/en\/wp-json\/wp\/v2\/pages\/1262","targetHints":{"allow":["GET"]}}],"collection":[{"href":"https:\/\/alanbaskanligi.bursa.bel.tr\/en\/wp-json\/wp\/v2\/pages"}],"about":[{"href":"https:\/\/alanbaskanligi.bursa.bel.tr\/en\/wp-json\/wp\/v2\/types\/page"}],"author":[{"embeddable":true,"href":"https:\/\/alanbaskanligi.bursa.bel.tr\/en\/wp-json\/wp\/v2\/users\/6"}],"replies":[{"embeddable":true,"href":"https:\/\/alanbaskanligi.bursa.bel.tr\/en\/wp-json\/wp\/v2\/comments?post=1262"}],"version-history":[{"count":0,"href":"https:\/\/alanbaskanligi.bursa.bel.tr\/en\/wp-json\/wp\/v2\/pages\/1262\/revisions"}],"wp:featuredmedia":[{"embeddable":true,"href":"https:\/\/alanbaskanligi.bursa.bel.tr\/en\/wp-json\/wp\/v2\/media\/2706"}],"wp:attachment":[{"href":"https:\/\/alanbaskanligi.bursa.bel.tr\/en\/wp-json\/wp\/v2\/media?parent=1262"}],"curies":[{"name":"wp","href":"https:\/\/api.w.org\/{rel}","templated":true}]}}