{"id":1352,"date":"2012-02-22T16:00:39","date_gmt":"2012-02-22T14:00:39","guid":{"rendered":"http:\/\/alanbaskanligi.bursa.bel.tr\/?page_id=1352"},"modified":"2012-04-03T14:36:32","modified_gmt":"2012-04-03T12:36:32","slug":"cumalikizik-camii","status":"publish","type":"page","link":"https:\/\/alanbaskanligi.bursa.bel.tr\/en\/cumalikizik-camii\/","title":{"rendered":"Cumal\u0131k\u0131z\u0131k Camii"},"content":{"rendered":"<p><strong>Cumal\u0131k\u0131z\u0131k Cami:<\/strong> Caminin, \u00fc\u00e7y\u00fcz y\u0131ll\u0131k bir ge\u00e7mi\u015fi bulundu\u011fu ve k\u00f6y\u00fcn ilk camisinin yerine yap\u0131ld\u0131\u011f\u0131 belirlenmi\u015ftir.Yap\u0131 meyilli arazide yap\u0131ld\u0131\u011f\u0131 i\u00e7in kuzey duvar\u0131 fevkanidir.Dikd\u00f6rtgen plan\u0131, ah\u015fap k\u0131rma \u00e7at\u0131s\u0131,sa\u011fdan ve soldan iki kargir merdivenle \u00e7\u0131k\u0131lan, camekan i\u00e7ine al\u0131nm\u0131\u015f be\u015f g\u00f6zl\u00fc ve yuvarlak kemerli son cemaat yeri ve yenilenmi\u015f minaresi ile tipik ve m\u00fctevazi bir k\u00f6y camisidir. C\u00fcmle kap\u0131s\u0131 \u00fczerinde yeralan ah\u015fap saltanat g\u00fcne\u015fi fig\u00fcr\u00fc, Osmanl\u0131 mimarisinde 19. yy. ortalar\u0131ndan itibaren uygulanmaya ba\u015flam\u0131\u015ft\u0131r.<\/p>\n<p>&nbsp;<\/p>\n<p>&nbsp;<\/p>\n<p>&nbsp;<\/p>\n","protected":false},"excerpt":{"rendered":"<p>Cumal\u0131k\u0131z\u0131k Cami: Caminin, \u00fc\u00e7y\u00fcz y\u0131ll\u0131k bir ge\u00e7mi\u015fi bulundu\u011fu ve k\u00f6y\u00fcn ilk camisinin yerine yap\u0131ld\u0131\u011f\u0131 belirlenmi\u015ftir.Yap\u0131 meyilli arazide yap\u0131ld\u0131\u011f\u0131 i\u00e7in kuzey duvar\u0131 fevkanidir.Dikd\u00f6rtgen plan\u0131, ah\u015fap k\u0131rma \u00e7at\u0131s\u0131,sa\u011fdan ve soldan iki kargir merdivenle \u00e7\u0131k\u0131lan, camekan i\u00e7ine al\u0131nm\u0131\u015f be\u015f g\u00f6zl\u00fc ve yuvarlak kemerli [&hellip;]<\/p>\n","protected":false},"author":6,"featured_media":2816,"parent":0,"menu_order":2,"comment_status":"closed","ping_status":"open","template":"","meta":{"footnotes":""},"class_list":["post-1352","page","type-page","status-publish","has-post-thumbnail","hentry","gallery-content-unit"],"_links":{"self":[{"href":"https:\/\/alanbaskanligi.bursa.bel.tr\/en\/wp-json\/wp\/v2\/pages\/1352","targetHints":{"allow":["GET"]}}],"collection":[{"href":"https:\/\/alanbaskanligi.bursa.bel.tr\/en\/wp-json\/wp\/v2\/pages"}],"about":[{"href":"https:\/\/alanbaskanligi.bursa.bel.tr\/en\/wp-json\/wp\/v2\/types\/page"}],"author":[{"embeddable":true,"href":"https:\/\/alanbaskanligi.bursa.bel.tr\/en\/wp-json\/wp\/v2\/users\/6"}],"replies":[{"embeddable":true,"href":"https:\/\/alanbaskanligi.bursa.bel.tr\/en\/wp-json\/wp\/v2\/comments?post=1352"}],"version-history":[{"count":0,"href":"https:\/\/alanbaskanligi.bursa.bel.tr\/en\/wp-json\/wp\/v2\/pages\/1352\/revisions"}],"wp:featuredmedia":[{"embeddable":true,"href":"https:\/\/alanbaskanligi.bursa.bel.tr\/en\/wp-json\/wp\/v2\/media\/2816"}],"wp:attachment":[{"href":"https:\/\/alanbaskanligi.bursa.bel.tr\/en\/wp-json\/wp\/v2\/media?parent=1352"}],"curies":[{"name":"wp","href":"https:\/\/api.w.org\/{rel}","templated":true}]}}