{"id":1636,"date":"2012-03-07T10:06:31","date_gmt":"2012-03-07T08:06:31","guid":{"rendered":"http:\/\/alanbaskanligi.bursa.bel.tr\/?page_id=1636"},"modified":"2012-03-28T13:24:18","modified_gmt":"2012-03-28T11:24:18","slug":"ii-murad-hamami","status":"publish","type":"page","link":"https:\/\/alanbaskanligi.bursa.bel.tr\/en\/ii-murad-hamami\/","title":{"rendered":"II. MURAD HAMAMI"},"content":{"rendered":"<p>K\u00fclliyenin bir par\u00e7as\u0131 olan II. Murad Hamam\u0131, medresenin bat\u0131s\u0131nda yer almaktad\u0131r. 1425 y\u0131l\u0131nda II. Murad taraf\u0131ndan in\u015fa ettirilen hamam, k\u00fc\u00e7\u00fck \u00f6l\u00e7ekli olup, tek hamam \u015femas\u0131na sahiptir. Hamam\u0131n in\u015fas\u0131nda moloz ta\u015f ve tu\u011fla kullan\u0131lm\u0131\u015ft\u0131r. Hamam\u0131n k\u00fc\u00e7\u00fck<br \/>\n\u00f6l\u00e7ekte yap\u0131lm\u0131\u015f olmas\u0131, plan \u015femas\u0131nda da farkl\u0131l\u0131\u011fa neden olmu\u015f, bu sebeple hamam, sadece so\u011fukluk ve s\u0131cakl\u0131k b\u00f6l\u00fcmlerinden olu\u015fmu\u015ftur. Zaman i\u00e7erisinde bina \u00f6zg\u00fcn i\u015flevini yitirmi\u015f ve bir d\u00f6nem d\u00f6k\u00fcm at\u00f6lyesi olarak kullan\u0131lm\u0131\u015ft\u0131r. 2008-2010 y\u0131llar\u0131 aras\u0131nda Osmangazi Belediyesi taraf\u0131ndan restorasyonu ger\u00e7ekle\u015ftirilen bina,\u201cEngelli Ki\u015fisel Geli\u015fim Merkezi\u201d olarak kullan\u0131lmak<br \/>\n\u00fczere Bursa \u0130l \u00d6z\u00fcrl\u00fcler Kuruluna tahsis edilmi\u015ftir.<\/p>\n<p><em>Bursa K\u00fclt\u00fcr Varl\u0131klar\u0131 Envanteri:An\u0131tsal<br \/>\nEserler, Bursa B\u00fcy\u00fck\u015fehir Belediyesi Yay\u0131nlar\u0131,443.<\/em><\/p>\n","protected":false},"excerpt":{"rendered":"<p>K\u00fclliyenin bir par\u00e7as\u0131 olan II. Murad Hamam\u0131, medresenin bat\u0131s\u0131nda yer almaktad\u0131r. 1425 y\u0131l\u0131nda II. Murad taraf\u0131ndan in\u015fa ettirilen hamam, k\u00fc\u00e7\u00fck \u00f6l\u00e7ekli olup, tek hamam \u015femas\u0131na sahiptir. Hamam\u0131n in\u015fas\u0131nda moloz ta\u015f ve tu\u011fla kullan\u0131lm\u0131\u015ft\u0131r. Hamam\u0131n k\u00fc\u00e7\u00fck \u00f6l\u00e7ekte yap\u0131lm\u0131\u015f olmas\u0131, plan \u015femas\u0131nda [&hellip;]<\/p>\n","protected":false},"author":6,"featured_media":0,"parent":0,"menu_order":2,"comment_status":"closed","ping_status":"open","template":"","meta":{"footnotes":""},"class_list":["post-1636","page","type-page","status-publish","hentry","gallery-content-unit"],"_links":{"self":[{"href":"https:\/\/alanbaskanligi.bursa.bel.tr\/en\/wp-json\/wp\/v2\/pages\/1636","targetHints":{"allow":["GET"]}}],"collection":[{"href":"https:\/\/alanbaskanligi.bursa.bel.tr\/en\/wp-json\/wp\/v2\/pages"}],"about":[{"href":"https:\/\/alanbaskanligi.bursa.bel.tr\/en\/wp-json\/wp\/v2\/types\/page"}],"author":[{"embeddable":true,"href":"https:\/\/alanbaskanligi.bursa.bel.tr\/en\/wp-json\/wp\/v2\/users\/6"}],"replies":[{"embeddable":true,"href":"https:\/\/alanbaskanligi.bursa.bel.tr\/en\/wp-json\/wp\/v2\/comments?post=1636"}],"version-history":[{"count":0,"href":"https:\/\/alanbaskanligi.bursa.bel.tr\/en\/wp-json\/wp\/v2\/pages\/1636\/revisions"}],"wp:attachment":[{"href":"https:\/\/alanbaskanligi.bursa.bel.tr\/en\/wp-json\/wp\/v2\/media?parent=1636"}],"curies":[{"name":"wp","href":"https:\/\/api.w.org\/{rel}","templated":true}]}}