{"id":1659,"date":"2012-03-07T10:16:38","date_gmt":"2012-03-07T08:16:38","guid":{"rendered":"http:\/\/alanbaskanligi.bursa.bel.tr\/?page_id=1659"},"modified":"2012-03-28T13:26:08","modified_gmt":"2012-03-28T11:26:08","slug":"sehzade-mustafa-turbesi","status":"publish","type":"page","link":"https:\/\/alanbaskanligi.bursa.bel.tr\/en\/sehzade-mustafa-turbesi\/","title":{"rendered":"\u015eEHZADE MUSTAFA T\u00dcRBES\u0130"},"content":{"rendered":"<p>Mustafa-i Cedid T\u00fcrbesi olarak da bilinir. \u015eehzade Mustafa, Kanuni Sultan S\u00fcleyman\u00a0 ve Mahi Devran\u2019\u0131n o\u011fludur. 1553\u2019te \u00f6ld\u00fcr\u00fcld\u00fckten sonra karde\u015fi II. Selim taraf\u0131ndan yapt\u0131r\u0131lan t\u00fcrbede defnedilmi\u015ftir. Sekizgen bir plan\u0131 olan t\u00fcrbede, sekizgen kasnak \u00fczerine kubbe<br \/>\noturmaktad\u0131r.Duvar \u00f6rg\u00fcs\u00fc \u00fc\u00e7 s\u0131ra tu\u011fla ve bir s\u0131ra ta\u015f olup, giri\u015f kap\u0131s\u0131 mermer s\u00f6velidir. T\u00fcrbenin i\u00e7inde, duvarlar \u00e7ini sanat\u0131n\u0131n en g\u00fczel \u00f6rneklerinin yer ald\u0131\u011f\u0131 \u0130znik \u00c7inileri ile bezelidir.<\/p>\n<p><em>Bursa K\u00fclt\u00fcr Varl\u0131klar\u0131 Envanteri:An\u0131tsal<br \/>\nEserler, Bursa B\u00fcy\u00fck\u015fehir Belediyesi Yay\u0131nlar\u0131,661.<\/em><\/p>\n","protected":false},"excerpt":{"rendered":"<p>Mustafa-i Cedid T\u00fcrbesi olarak da bilinir. \u015eehzade Mustafa, Kanuni Sultan S\u00fcleyman\u00a0 ve Mahi Devran\u2019\u0131n o\u011fludur. 1553\u2019te \u00f6ld\u00fcr\u00fcld\u00fckten sonra karde\u015fi II. Selim taraf\u0131ndan yapt\u0131r\u0131lan t\u00fcrbede defnedilmi\u015ftir. Sekizgen bir plan\u0131 olan t\u00fcrbede, sekizgen kasnak \u00fczerine kubbe oturmaktad\u0131r.Duvar \u00f6rg\u00fcs\u00fc \u00fc\u00e7 s\u0131ra tu\u011fla ve [&hellip;]<\/p>\n","protected":false},"author":6,"featured_media":0,"parent":0,"menu_order":2,"comment_status":"closed","ping_status":"open","template":"","meta":{"footnotes":""},"class_list":["post-1659","page","type-page","status-publish","hentry","gallery-content-unit"],"_links":{"self":[{"href":"https:\/\/alanbaskanligi.bursa.bel.tr\/en\/wp-json\/wp\/v2\/pages\/1659","targetHints":{"allow":["GET"]}}],"collection":[{"href":"https:\/\/alanbaskanligi.bursa.bel.tr\/en\/wp-json\/wp\/v2\/pages"}],"about":[{"href":"https:\/\/alanbaskanligi.bursa.bel.tr\/en\/wp-json\/wp\/v2\/types\/page"}],"author":[{"embeddable":true,"href":"https:\/\/alanbaskanligi.bursa.bel.tr\/en\/wp-json\/wp\/v2\/users\/6"}],"replies":[{"embeddable":true,"href":"https:\/\/alanbaskanligi.bursa.bel.tr\/en\/wp-json\/wp\/v2\/comments?post=1659"}],"version-history":[{"count":0,"href":"https:\/\/alanbaskanligi.bursa.bel.tr\/en\/wp-json\/wp\/v2\/pages\/1659\/revisions"}],"wp:attachment":[{"href":"https:\/\/alanbaskanligi.bursa.bel.tr\/en\/wp-json\/wp\/v2\/media?parent=1659"}],"curies":[{"name":"wp","href":"https:\/\/api.w.org\/{rel}","templated":true}]}}