{"id":1977,"date":"2012-03-08T09:51:33","date_gmt":"2012-03-08T07:51:33","guid":{"rendered":"http:\/\/alanbaskanligi.bursa.bel.tr\/?page_id=1977"},"modified":"2016-08-25T08:04:03","modified_gmt":"2016-08-25T06:04:03","slug":"prof-dr-nilufer-akinciturk","status":"publish","type":"page","link":"https:\/\/alanbaskanligi.bursa.bel.tr\/en\/prof-dr-nilufer-akinciturk\/","title":{"rendered":"Prof. Dr. Nil\u00fcfer AKINCIT\u00dcRK"},"content":{"rendered":"<p>&nbsp;<\/p>\n<p><a href=\"http:\/\/alanbaskanligi.bursa.bel.tr\/wp-content\/uploads\/2012\/03\/Nilufer-AKINCITURK.jpg\"><img loading=\"lazy\" decoding=\"async\" class=\"alignnone size-thumbnail wp-image-3432\" title=\"Nilufer AKINCITURK\" src=\"http:\/\/alanbaskanligi.bursa.bel.tr\/wp-content\/uploads\/2012\/03\/Nilufer-AKINCITURK-150x150.jpg\" alt=\"\" width=\"150\" height=\"150\" \/><\/a><\/p>\n<p>She completed her studies at Istanbul Technical University; in 1980 she finished her architecture undergraduate education, graduated in 1982, and in 1985 she completed his PhD in Construction Technology Department.<\/p>\n<p>Nil\u00fcfer Ak\u0131nc\u0131t\u00fcrk was a member of Uluda\u011f University Senate between 2006-2009, and she served as Vice-Dean of Faculty of Engineering &amp; Architecture,Uluda\u011f University.\u00a0Currently she is Dean of Faculty of Architecture, and Head of Construction Technology Department in same university; she had been one of the founding members of Department of Architecture in 1994, has been a lecturer following establishment, became Associate Professor in 1998, and Professor in 2004.Furthermore, she is a member of Faculty of Engineering &amp; Architecture Faculty Board, and was a member of Board of Directors between 1994-2011. She was also a member of Uluda\u011f University Cultural Arts Council and University Promotion Commission between 2000-2009. Since 2011, she is a member of Healthy Cities Association advisory board.<\/p>\n<p>There are 2 doctoratetheses and 11 post-graduate theses were completed under her supervision. She has 150 articles on various topics published in national and international journals and books, including congress bulletins, and two books containing earthquake and fire issues.<\/p>\n<p>She was member of several juries innational and local Architectural Project contests;she served inarrangement committee, scientific board, and advisory board of several congresses.\u00a0She is also advisory board member for 3 magazines. She supervised 3 Scientific Research Projects completed\u00a0with support from Uluda\u011f University. She was the consultant and architect of many buildings\u00a0inUluda\u011f University Campus.<\/p>\n","protected":false},"excerpt":{"rendered":"<p>&nbsp; She completed her studies at Istanbul Technical University; in 1980 she finished her architecture undergraduate education, graduated in 1982, and in 1985 she completed his PhD in Construction Technology Department. Nil\u00fcfer Ak\u0131nc\u0131t\u00fcrk was a member of Uluda\u011f University Senate [&hellip;]<\/p>\n","protected":false},"author":6,"featured_media":3432,"parent":0,"menu_order":2,"comment_status":"closed","ping_status":"open","template":"","meta":{"footnotes":""},"class_list":["post-1977","page","type-page","status-publish","has-post-thumbnail","hentry","gallery-content-unit"],"_links":{"self":[{"href":"https:\/\/alanbaskanligi.bursa.bel.tr\/en\/wp-json\/wp\/v2\/pages\/1977","targetHints":{"allow":["GET"]}}],"collection":[{"href":"https:\/\/alanbaskanligi.bursa.bel.tr\/en\/wp-json\/wp\/v2\/pages"}],"about":[{"href":"https:\/\/alanbaskanligi.bursa.bel.tr\/en\/wp-json\/wp\/v2\/types\/page"}],"author":[{"embeddable":true,"href":"https:\/\/alanbaskanligi.bursa.bel.tr\/en\/wp-json\/wp\/v2\/users\/6"}],"replies":[{"embeddable":true,"href":"https:\/\/alanbaskanligi.bursa.bel.tr\/en\/wp-json\/wp\/v2\/comments?post=1977"}],"version-history":[{"count":1,"href":"https:\/\/alanbaskanligi.bursa.bel.tr\/en\/wp-json\/wp\/v2\/pages\/1977\/revisions"}],"predecessor-version":[{"id":8036,"href":"https:\/\/alanbaskanligi.bursa.bel.tr\/en\/wp-json\/wp\/v2\/pages\/1977\/revisions\/8036"}],"wp:featuredmedia":[{"embeddable":true,"href":"https:\/\/alanbaskanligi.bursa.bel.tr\/en\/wp-json\/wp\/v2\/media\/3432"}],"wp:attachment":[{"href":"https:\/\/alanbaskanligi.bursa.bel.tr\/en\/wp-json\/wp\/v2\/media?parent=1977"}],"curies":[{"name":"wp","href":"https:\/\/api.w.org\/{rel}","templated":true}]}}