{"id":2022,"date":"2012-03-08T10:42:11","date_gmt":"2012-03-08T08:42:11","guid":{"rendered":"http:\/\/alanbaskanligi.bursa.bel.tr\/?page_id=2022"},"modified":"2012-05-10T21:31:00","modified_gmt":"2012-05-10T19:31:00","slug":"av-zekeriya-birkan","status":"publish","type":"page","link":"https:\/\/alanbaskanligi.bursa.bel.tr\/en\/av-zekeriya-birkan\/","title":{"rendered":"Av.Zekeriya B\u0130RKAN"},"content":{"rendered":"<p>&nbsp;<\/p>\n<p><a href=\"http:\/\/alanbaskanligi.bursa.bel.tr\/wp-content\/uploads\/2012\/03\/Av-Zekeriya-Birkan1.jpg\"><img loading=\"lazy\" decoding=\"async\" class=\"alignnone size-thumbnail wp-image-3453\" title=\"Av Zekeriya Birkan[1]\" src=\"http:\/\/alanbaskanligi.bursa.bel.tr\/wp-content\/uploads\/2012\/03\/Av-Zekeriya-Birkan1-150x150.jpg\" alt=\"\" width=\"150\" height=\"150\" \/><\/a><\/p>\n<p>1967 Trabzon \u00c7aykara do\u011fumlu.Ortaokul ve liseyi Ankara da bitirdi.Hacettepe \u00dcniversitesi Sosyal Hizmetler Akademisinde iki y\u0131l okuduktan sonra \u0130stanbul \u00dcniversitesi Hukuk Fak\u00fcltesinden 1992 y\u0131l\u0131nda mezun oldu.<\/p>\n<p>1992 y\u0131l\u0131ndan itibaren Bursa Barosuna kay\u0131tl\u0131 avukat olarak \u00e7al\u0131\u015fmaktad\u0131r.<\/p>\n<p>2004-2009 y\u0131llar\u0131 aras\u0131 Bursa B\u00fcy\u00fck\u015fehir Belediyesi Ba\u015fkanl\u0131\u011f\u0131 Hukuk Dan\u0131\u015fmanl\u0131\u011f\u0131 g\u00f6revi ve<\/p>\n<p>15 May\u0131s 2011 tarihinden itibaren de Bursa Barosu Ba\u015fkan\u0131 olarak g\u00f6rev yapmaktad\u0131r.<\/p>\n<p>Evli ve \u00fc\u00e7 co\u00e7uk babas\u0131.<\/p>\n<p>&nbsp;<\/p>\n","protected":false},"excerpt":{"rendered":"<p>&nbsp; 1967 Trabzon \u00c7aykara do\u011fumlu.Ortaokul ve liseyi Ankara da bitirdi.Hacettepe \u00dcniversitesi Sosyal Hizmetler Akademisinde iki y\u0131l okuduktan sonra \u0130stanbul \u00dcniversitesi Hukuk Fak\u00fcltesinden 1992 y\u0131l\u0131nda mezun oldu. 1992 y\u0131l\u0131ndan itibaren Bursa Barosuna kay\u0131tl\u0131 avukat olarak \u00e7al\u0131\u015fmaktad\u0131r. 2004-2009 y\u0131llar\u0131 aras\u0131 Bursa B\u00fcy\u00fck\u015fehir [&hellip;]<\/p>\n","protected":false},"author":6,"featured_media":3453,"parent":0,"menu_order":2,"comment_status":"closed","ping_status":"open","template":"","meta":{"footnotes":""},"class_list":["post-2022","page","type-page","status-publish","has-post-thumbnail","hentry","gallery-content-unit"],"_links":{"self":[{"href":"https:\/\/alanbaskanligi.bursa.bel.tr\/en\/wp-json\/wp\/v2\/pages\/2022","targetHints":{"allow":["GET"]}}],"collection":[{"href":"https:\/\/alanbaskanligi.bursa.bel.tr\/en\/wp-json\/wp\/v2\/pages"}],"about":[{"href":"https:\/\/alanbaskanligi.bursa.bel.tr\/en\/wp-json\/wp\/v2\/types\/page"}],"author":[{"embeddable":true,"href":"https:\/\/alanbaskanligi.bursa.bel.tr\/en\/wp-json\/wp\/v2\/users\/6"}],"replies":[{"embeddable":true,"href":"https:\/\/alanbaskanligi.bursa.bel.tr\/en\/wp-json\/wp\/v2\/comments?post=2022"}],"version-history":[{"count":0,"href":"https:\/\/alanbaskanligi.bursa.bel.tr\/en\/wp-json\/wp\/v2\/pages\/2022\/revisions"}],"wp:featuredmedia":[{"embeddable":true,"href":"https:\/\/alanbaskanligi.bursa.bel.tr\/en\/wp-json\/wp\/v2\/media\/3453"}],"wp:attachment":[{"href":"https:\/\/alanbaskanligi.bursa.bel.tr\/en\/wp-json\/wp\/v2\/media?parent=2022"}],"curies":[{"name":"wp","href":"https:\/\/api.w.org\/{rel}","templated":true}]}}