{"id":2293,"date":"2012-03-26T16:14:40","date_gmt":"2012-03-26T14:14:40","guid":{"rendered":"http:\/\/alanbaskanligi.bursa.bel.tr\/?page_id=2293"},"modified":"2016-09-21T09:40:36","modified_gmt":"2016-09-21T07:40:36","slug":"uluslararasi-sozlesmeler","status":"publish","type":"page","link":"https:\/\/alanbaskanligi.bursa.bel.tr\/en\/uluslararasi-sozlesmeler\/","title":{"rendered":"INTERNATIONAL CONVENTIONS"},"content":{"rendered":"<p style=\"text-align: left;\" align=\"center\"><a title=\"EUROPEAN CONVENTION ON THE PROTECTION OF THE ARCHAEOLOGICAL HERITAGE (1992)\" href=\"http:\/\/alanbaskanligi.bursa.bel.tr\/en\/arkeolojik-mirasin-korunmasina-iliskin\/\"><strong>EUROPEAN CONVENTION ON THE PROTECTION OF THE ARCHAEOLOGICAL HERITAGE (1992)<\/strong><\/a><\/p>\n<p style=\"text-align: left;\" align=\"center\"><a title=\"CONVENTION FOR THE PROTECTION OF THE ARCHITECTURAL HERITAGE OF EUROPE (1989)\" href=\"http:\/\/alanbaskanligi.bursa.bel.tr\/en\/avrupa-mimari-mirasinin-korunmasi-sozlesmesi\/\"><strong>CONVENTION FOR THE PROTECTION OF THE ARCHITECTURAL HERITAGE OF EUROPE\u00a0(1989)<\/strong><\/a><\/p>\n<p style=\"text-align: left;\" align=\"center\"><a title=\"CONVENTION CONCERNING THE PROTECTION OF THE WORLD CULTURAL AND NATURAL HERITAGE\" href=\"http:\/\/alanbaskanligi.bursa.bel.tr\/en\/dunya-kulturel-ve-dogal-mirasin-korunmasi-sozlesmesi\/\"><strong>CONVENTION CONCERNING THE PROTECTION OF THE WORLD CULTURAL AND NATURAL HERITAGE<\/strong><\/a><\/p>\n<p style=\"text-align: left;\" align=\"center\"><a title=\"PRINCIPLES FOR THE PRESERVATION OF HISTORIC TIMBER STRUCTURES\" href=\"http:\/\/alanbaskanligi.bursa.bel.tr\/en\/ahsap-tarihi-yapilarin-korunmasi-icin-ilkeler\/\"><strong>PRINCIPLES FOR THE PRESERVATION OF HISTORIC TIMBER STRUCTURES<\/strong><\/a><\/p>\n<p style=\"text-align: left;\" align=\"center\"><a title=\"ICOMOS GELENEKSEL M\u0130MAR\u0130 M\u0130RAS T\u00dcZ\u00dc\u011e\u00dc (1999)\" href=\"http:\/\/alanbaskanligi.bursa.bel.tr\/en\/geleneksel-mimari-miras-tuzugu\/\"><strong>CHARTER ON THE BUILT VERNACULAR HERITAGE\u00a0(1999)<\/strong><\/a><\/p>\n<p style=\"text-align: left;\" align=\"center\"><a title=\"THE NARA DOCUMENT ON AUTHENTICITY (1994)\" href=\"http:\/\/alanbaskanligi.bursa.bel.tr\/en\/nara-ozgunluk-belgesi\/\"><strong>THE NARA DOCUMENT ON AUTHENTICITY (1994)<\/strong><\/a><\/p>\n<p style=\"text-align: left;\" align=\"center\"><a title=\"HAGUE CONVENTION FOR THE PROTECTION OF CULTURAL PROPERTY IN THE EVENT OF ARMED CONFLICT\" href=\"http:\/\/alanbaskanligi.bursa.bel.tr\/en\/silahli-bir-catisma-halinde-kultur-mallarinin-korunmasina-dair-sozlesme\/\"><strong>HAGUE CONVENTION FOR THE PROTECTION OF CULTURAL PROPERTY IN THE EVENT OF ARMED CONFLICT\u00a0(1954)<\/strong><\/a><\/p>\n<p style=\"text-align: left;\" align=\"center\"><a title=\"CONVENTION FOR THE SAFEGUARDING OF THE INTANGIBLE CULTURAL HERITAGE (2003)\" href=\"http:\/\/alanbaskanligi.bursa.bel.tr\/en\/somut-olmayan-kulturel-mirasin-korunmasi-sozlesmesi\/\"><strong>CONVENTION FOR THE SAFEGUARDING OF THE INTANGIBLE CULTURAL HERITAGE\u00a0(2003)<\/strong><\/a><\/p>\n<p><a title=\"CHARTER FOR THE CONSERVATION OF HISTORIC TOWNS AND URBAN AREAS (1987)\" href=\"http:\/\/alanbaskanligi.bursa.bel.tr\/en\/tarihi-kentlerin-ve-kentsel-alanlarin-korunmasi-tuzugu\/\"><strong>CHARTER FOR THE CONSERVATION OF HISTORIC TOWNS AND URBAN AREAS\u00a0(1987\u00a0)<\/strong><\/a><\/p>\n<p><a title=\"INTERNATIONAL CHARTER FOR THE CONSERVATION AND RESTORATION OF MONUMENTS AND SITES (THE VENICE CHARTER 1964)\" href=\"http:\/\/alanbaskanligi.bursa.bel.tr\/en\/venedik-tuzugu\/\"><strong>INTERNATIONAL CHARTER FOR THE CONSERVATION AND RESTORATION OF MONUMENTS AND SITES (THE VENICE CHARTER 1964) <\/strong><\/a><\/p>\n<p>&nbsp;<\/p>\n","protected":false},"excerpt":{"rendered":"<p>EUROPEAN CONVENTION ON THE PROTECTION OF THE ARCHAEOLOGICAL HERITAGE (1992) CONVENTION FOR THE PROTECTION OF THE ARCHITECTURAL HERITAGE OF EUROPE\u00a0(1989) CONVENTION CONCERNING THE PROTECTION OF THE WORLD CULTURAL AND NATURAL HERITAGE PRINCIPLES FOR THE PRESERVATION OF HISTORIC TIMBER STRUCTURES CHARTER [&hellip;]<\/p>\n","protected":false},"author":6,"featured_media":0,"parent":0,"menu_order":2,"comment_status":"closed","ping_status":"open","template":"","meta":{"footnotes":""},"class_list":["post-2293","page","type-page","status-publish","hentry","gallery-content-unit"],"_links":{"self":[{"href":"https:\/\/alanbaskanligi.bursa.bel.tr\/en\/wp-json\/wp\/v2\/pages\/2293","targetHints":{"allow":["GET"]}}],"collection":[{"href":"https:\/\/alanbaskanligi.bursa.bel.tr\/en\/wp-json\/wp\/v2\/pages"}],"about":[{"href":"https:\/\/alanbaskanligi.bursa.bel.tr\/en\/wp-json\/wp\/v2\/types\/page"}],"author":[{"embeddable":true,"href":"https:\/\/alanbaskanligi.bursa.bel.tr\/en\/wp-json\/wp\/v2\/users\/6"}],"replies":[{"embeddable":true,"href":"https:\/\/alanbaskanligi.bursa.bel.tr\/en\/wp-json\/wp\/v2\/comments?post=2293"}],"version-history":[{"count":6,"href":"https:\/\/alanbaskanligi.bursa.bel.tr\/en\/wp-json\/wp\/v2\/pages\/2293\/revisions"}],"predecessor-version":[{"id":8139,"href":"https:\/\/alanbaskanligi.bursa.bel.tr\/en\/wp-json\/wp\/v2\/pages\/2293\/revisions\/8139"}],"wp:attachment":[{"href":"https:\/\/alanbaskanligi.bursa.bel.tr\/en\/wp-json\/wp\/v2\/media?parent=2293"}],"curies":[{"name":"wp","href":"https:\/\/api.w.org\/{rel}","templated":true}]}}