{"id":2320,"date":"2012-03-26T16:31:17","date_gmt":"2012-03-26T14:31:17","guid":{"rendered":"http:\/\/alanbaskanligi.bursa.bel.tr\/?page_id=2320"},"modified":"2015-07-27T14:02:45","modified_gmt":"2015-07-27T12:02:45","slug":"kanunlar","status":"publish","type":"page","link":"https:\/\/alanbaskanligi.bursa.bel.tr\/en\/kanunlar\/","title":{"rendered":"KANUNLAR"},"content":{"rendered":"<p><strong><a title=\"K\u00dcLT\u00dcR VE TAB\u0130AT VARLIKLARINI KORUMA KANUNU\" href=\"http:\/\/alanbaskanligi.bursa.bel.tr\/kultur-ve-tabiat-varliklarini-koruma-kanunu\/\">K\u00dcLT\u00dcR VE TAB\u0130AT VARLIKLARINI KORUMA KANUNU\u00a0(1983)<\/a><\/strong><\/p>\n<p><strong><a title=\"YIPRANAN TAR\u0130H\u0130 VE K\u00dcLT\u00dcREL TA\u015eINMAZ VARLIKLARIN YEN\u0130LENEREK KORUNMASI VE YA\u015eATILARAK KULLANILMASI HAKKINDA KANUN (2005)\" href=\"http:\/\/alanbaskanligi.bursa.bel.tr\/yipranan-tarihi-ve-kulturel-tasinmaz-varliklarin-yenilenerek-korunmasi-ve-yasatilarak-kullanilmasi-hakkinda-kanun\/\">YIPRANAN TAR\u0130H\u0130 VE K\u00dcLT\u00dcREL TA\u015eINMAZ VARLIKLARIN YEN\u0130LENEREK KORUNMASI VE YA\u015eATILARAK KULLANILMASI HAKKINDA KANUN\u00a0(2005)<\/a><\/strong><\/p>\n","protected":false},"excerpt":{"rendered":"<p>K\u00dcLT\u00dcR VE TAB\u0130AT VARLIKLARINI KORUMA KANUNU\u00a0(1983) YIPRANAN TAR\u0130H\u0130 VE K\u00dcLT\u00dcREL TA\u015eINMAZ VARLIKLARIN YEN\u0130LENEREK KORUNMASI VE YA\u015eATILARAK KULLANILMASI HAKKINDA KANUN\u00a0(2005)<\/p>\n","protected":false},"author":6,"featured_media":0,"parent":0,"menu_order":2,"comment_status":"closed","ping_status":"open","template":"","meta":{"footnotes":""},"class_list":["post-2320","page","type-page","status-publish","hentry","gallery-content-unit"],"_links":{"self":[{"href":"https:\/\/alanbaskanligi.bursa.bel.tr\/en\/wp-json\/wp\/v2\/pages\/2320","targetHints":{"allow":["GET"]}}],"collection":[{"href":"https:\/\/alanbaskanligi.bursa.bel.tr\/en\/wp-json\/wp\/v2\/pages"}],"about":[{"href":"https:\/\/alanbaskanligi.bursa.bel.tr\/en\/wp-json\/wp\/v2\/types\/page"}],"author":[{"embeddable":true,"href":"https:\/\/alanbaskanligi.bursa.bel.tr\/en\/wp-json\/wp\/v2\/users\/6"}],"replies":[{"embeddable":true,"href":"https:\/\/alanbaskanligi.bursa.bel.tr\/en\/wp-json\/wp\/v2\/comments?post=2320"}],"version-history":[{"count":0,"href":"https:\/\/alanbaskanligi.bursa.bel.tr\/en\/wp-json\/wp\/v2\/pages\/2320\/revisions"}],"wp:attachment":[{"href":"https:\/\/alanbaskanligi.bursa.bel.tr\/en\/wp-json\/wp\/v2\/media?parent=2320"}],"curies":[{"name":"wp","href":"https:\/\/api.w.org\/{rel}","templated":true}]}}