{"id":2361,"date":"2012-03-27T07:59:53","date_gmt":"2012-03-27T05:59:53","guid":{"rendered":"http:\/\/alanbaskanligi.bursa.bel.tr\/?page_id=2361"},"modified":"2015-07-27T14:48:06","modified_gmt":"2015-07-27T12:48:06","slug":"yonetmelikler","status":"publish","type":"page","link":"https:\/\/alanbaskanligi.bursa.bel.tr\/en\/yonetmelikler\/","title":{"rendered":"Y\u00d6NETMEL\u0130KLER"},"content":{"rendered":"<p>&nbsp;<\/p>\n<p><a title=\"ALAN Y\u00d6NET\u0130M\u0130 \u0130LE ANIT ESER KURULUNUN KURULU\u015e VE G\u00d6REVLER\u0130 \u0130LE Y\u00d6NET\u0130M ALANLARININ BEL\u0130RLENME\u0130NE \u0130L\u0130\u015eK\u0130N USUL VE ESASLAR HAKKINDA Y\u00d6NETMEL\u0130K\" href=\"http:\/\/alanbaskanligi.bursa.bel.tr\/alan-yonetimi-ile-anit-eser-kurulunun-kurulus-ve-gorevleri-ile-yonetim-alanlarinin-belirlenmeine-iliskin-usul-ve-esaslar-hakkinda-yonetmelik\/\"><strong>ALAN Y\u00d6NET\u0130M\u0130 \u0130LE ANIT ESER KURULUNUN KURULU\u015e VE G\u00d6REVLER\u0130 \u0130LE Y\u00d6NET\u0130M ALANLARININ BEL\u0130RLENMES\u0130NE \u0130L\u0130\u015eK\u0130N USUL VE ESASLAR HAKKINDA Y\u00d6NETMEL\u0130K\u00a0(2005)<\/strong><\/a><\/p>\n<p><a title=\"\u00c7EVRE D\u00dcZEN\u0130 PLANLARININ YAPILMASI ESASLARINA DA\u0130R Y\u00d6NETMEL\u0130K (2000)\" href=\"http:\/\/alanbaskanligi.bursa.bel.tr\/cevre-duzeni-planlarinin-yapilmasi-esaslarina-dair-yonetmelik\/\"><strong>\u00c7EVRE D\u00dcZEN\u0130 PLANLARININ YAPILMASI ESASLARINA DA\u0130R Y\u00d6NETMEL\u0130K\u00a0(2000)<\/strong><\/a><\/p>\n<p><a title=\"KORUMA AMA\u00c7LI \u0130MAR PLANLARI VE \u00c7EVRE D\u00dcZENLEME PROJELER\u0130N\u0130N HAZIRLANMASI, G\u00d6STER\u0130M\u0130, DENET\u0130M\u0130, M\u00dcELL\u0130FLER\u0130NE \u0130L\u0130\u015eK\u0130N USUL VE ESASLARA A\u0130T Y\u00d6NETMEL\u0130K (2005)\" href=\"http:\/\/alanbaskanligi.bursa.bel.tr\/koruma-amcli-imar-planlari-ve-cevre-duzenleme-projelerinin-hazirlanmasi-gosterimi-denetimi-muelliflerine-iliskin-usul-ve-esaslara-ait-yonetmelik\/\"><strong>KORUMA AMA\u00c7LI \u0130MAR PLANLARI VE \u00c7EVRE D\u00dcZENLEME PROJELER\u0130N\u0130N HAZIRLANMASI, G\u00d6STER\u0130M\u0130, DENET\u0130M\u0130, M\u00dcELL\u0130FLER\u0130NE \u0130L\u0130\u015eK\u0130N USUL VE ESASLARA A\u0130T Y\u00d6NETMEL\u0130K\u00a0(2005)<\/strong><\/a><\/p>\n<p><a title=\"KORUNMASI GEREKL\u0130 TA\u015eINMAZ K\u00dcLT\u00dcR VARLIKLARININ VE S\u0130TLER\u0130N TESP\u0130T VE TESC\u0130L\u0130 HAKKINDA Y\u00d6NETMEL\u0130K (2012)\" href=\"http:\/\/alanbaskanligi.bursa.bel.tr\/korunmasi-gerekli-tasinmaz-kultur-varliklarinin-ve-sitlerin-tespit-ve-tescili-hakkinda-yonetmelik\/\"><strong>KORUNMASI GEREKL\u0130 TA\u015eINMAZ K\u00dcLT\u00dcR VARLIKLARININ VE S\u0130TLER\u0130N TESP\u0130T VE TESC\u0130L\u0130 HAKKINDA Y\u00d6NETMEL\u0130K\u00a0\u00a0(2012)<\/strong><\/a><\/p>\n<p><a title=\"KORUNMASI GEREKL\u0130 TA\u015eINMAZ K\u00dcLT\u00dcR VARLIKLARININ YAPI ESASLARI VE DENET\u0130M\u0130NE DA\u0130R Y\u00d6NETMEL\u0130K (2005)\" href=\"http:\/\/alanbaskanligi.bursa.bel.tr\/korunmasi-gerekli-tasinmaz-kultur-varliklarinin-yapi-esaslari-ve-denetimine-dair-yonetmelik\/\"><strong>KORUNMASI GEREKL\u0130 TA\u015eINMAZ K\u00dcLT\u00dcR VARLIKLARININ YAPI ESASLARI VE DENET\u0130M\u0130NE DA\u0130R Y\u00d6NETMEL\u0130K\u00a0(2005)<\/strong><\/a><\/p>\n<p><a title=\"KORUNMASI GEREKL\u0130 TA\u015eINMAZ K\u00dcLT\u00dcR VE TAB\u0130AT VARLIKLARININ TESP\u0130T VE TESC\u0130L\u0130 HAKKINDA Y\u00d6NETMEL\u0130K (2005)\" href=\"http:\/\/alanbaskanligi.bursa.bel.tr\/korunmasi-gerekli-tasinmaz-kultur-ve-tabiat-varliklarinin-tespit-ve-tescili-hakkinda-yonetmelik\/\"><strong>KORUNMASI GEREKL\u0130 TA\u015eINMAZ K\u00dcLT\u00dcR VE TAB\u0130AT VARLIKLARININ TESP\u0130T VE TESC\u0130L\u0130 HAKKINDA Y\u00d6NETMEL\u0130K\u00a0(2005)<\/strong><\/a><\/p>\n<p><a title=\"KORUNMASI GEREKL\u0130 TA\u015eINMAZ K\u00dcLT\u00dcR VE TAB\u0130AT VARLIKLARININ TESP\u0130T VE TESC\u0130L\u0130 HAKKINDA Y\u00d6NETMEL\u0130K (2005)\" href=\"http:\/\/alanbaskanligi.bursa.bel.tr\/korunmasi-gerekli-tasinmaz-kultur-ve-tabiat-varliklarinin-tespit-ve-tescili-hakkinda-yonetmelik\/\"><strong>K\u00dcLT\u00dcR VE TAB\u0130AT VARLIKLARINI KORUMA Y\u00dcKSEK KURULU VE B\u00d6LGE KURULLARI \u00c7ALI\u015eMALARI \u0130LE KORUMA Y\u00dcKSEK KURULUNA YAPILACAK \u0130T\u0130RAZLARA DA\u0130R Y\u00d6NETMEL\u0130K\u00a0(2005)<\/strong><\/a><\/p>\n<p><a title=\"M\u0130LLETLERARASI ANITLAR VE S\u0130TLER KONSEY\u0130 T\u00dcRK\u0130YE M\u0130LL\u0130 KOM\u0130TES\u0130 Y\u00d6NETMEL\u0130\u011e\u0130 (1974)\" href=\"http:\/\/alanbaskanligi.bursa.bel.tr\/milletlerarasi-anitlar-ve-sitler-konseyi-turkiye-milli-komitesi-yonetmeligi\/\"><strong>M\u0130LLETLERARASI ANITLAR VE S\u0130TLER KONSEY\u0130 T\u00dcRK\u0130YE M\u0130LL\u0130 KOM\u0130TES\u0130 Y\u00d6NETMEL\u0130\u011e\u0130\u00a0(1974)<\/strong><\/a><\/p>\n<p><a title=\"YIPRANAN TAR\u0130H\u0130 VE K\u00dcLT\u00dcREL TA\u015eINMAZ VARLIKLARIN YEN\u0130LENEREK KORUNMASI VE YA\u015eATILARAK KULLANILMASI HAKKINDA KANUNUN UYGULAMA Y\u00d6NETMEL\u0130\u011e\u0130 (2005)\" href=\"http:\/\/alanbaskanligi.bursa.bel.tr\/yipranan-tarihi-ve-kulturel-tasinmaz-varliklarin-yenilenerek-korunmasi-ve-yasatilarak-kullanikmasi-hakkinda-kanunun-uygulama-yonetmeligi\/\"><strong>YIPRANAN TAR\u0130H\u0130 VE K\u00dcLT\u00dcREL TA\u015eINMAZ VARLIKLARIN YEN\u0130LENEREK KORUNMASI VE YA\u015eATILARAK KULLANIKMASI HAKKINDA KANUNUN UYGULAMA Y\u00d6NETMEL\u0130\u011e\u0130\u00a0(2005)<\/strong><\/a><\/p>\n<p><strong>\u00a0<\/strong><\/p>\n<p><strong>\u00a0<\/strong><\/p>\n<p><strong>\u00a0<\/strong><\/p>\n","protected":false},"excerpt":{"rendered":"<p>&nbsp; ALAN Y\u00d6NET\u0130M\u0130 \u0130LE ANIT ESER KURULUNUN KURULU\u015e VE G\u00d6REVLER\u0130 \u0130LE Y\u00d6NET\u0130M ALANLARININ BEL\u0130RLENMES\u0130NE \u0130L\u0130\u015eK\u0130N USUL VE ESASLAR HAKKINDA Y\u00d6NETMEL\u0130K\u00a0(2005) \u00c7EVRE D\u00dcZEN\u0130 PLANLARININ YAPILMASI ESASLARINA DA\u0130R Y\u00d6NETMEL\u0130K\u00a0(2000) KORUMA AMA\u00c7LI \u0130MAR PLANLARI VE \u00c7EVRE D\u00dcZENLEME PROJELER\u0130N\u0130N HAZIRLANMASI, G\u00d6STER\u0130M\u0130, DENET\u0130M\u0130, M\u00dcELL\u0130FLER\u0130NE \u0130L\u0130\u015eK\u0130N [&hellip;]<\/p>\n","protected":false},"author":6,"featured_media":0,"parent":0,"menu_order":2,"comment_status":"closed","ping_status":"open","template":"","meta":{"footnotes":""},"class_list":["post-2361","page","type-page","status-publish","hentry","gallery-content-unit"],"_links":{"self":[{"href":"https:\/\/alanbaskanligi.bursa.bel.tr\/en\/wp-json\/wp\/v2\/pages\/2361","targetHints":{"allow":["GET"]}}],"collection":[{"href":"https:\/\/alanbaskanligi.bursa.bel.tr\/en\/wp-json\/wp\/v2\/pages"}],"about":[{"href":"https:\/\/alanbaskanligi.bursa.bel.tr\/en\/wp-json\/wp\/v2\/types\/page"}],"author":[{"embeddable":true,"href":"https:\/\/alanbaskanligi.bursa.bel.tr\/en\/wp-json\/wp\/v2\/users\/6"}],"replies":[{"embeddable":true,"href":"https:\/\/alanbaskanligi.bursa.bel.tr\/en\/wp-json\/wp\/v2\/comments?post=2361"}],"version-history":[{"count":0,"href":"https:\/\/alanbaskanligi.bursa.bel.tr\/en\/wp-json\/wp\/v2\/pages\/2361\/revisions"}],"wp:attachment":[{"href":"https:\/\/alanbaskanligi.bursa.bel.tr\/en\/wp-json\/wp\/v2\/media?parent=2361"}],"curies":[{"name":"wp","href":"https:\/\/api.w.org\/{rel}","templated":true}]}}