{"id":2379,"date":"2012-03-27T08:19:02","date_gmt":"2012-03-27T06:19:02","guid":{"rendered":"http:\/\/alanbaskanligi.bursa.bel.tr\/?page_id=2379"},"modified":"2012-03-27T08:22:42","modified_gmt":"2012-03-27T06:22:42","slug":"ilke-kararlari","status":"publish","type":"page","link":"https:\/\/alanbaskanligi.bursa.bel.tr\/en\/ilke-kararlari\/","title":{"rendered":"\u0130LKE KARARLARI"},"content":{"rendered":"<p>Konu ile ilgili \u0130lke Kararlar\u0131na <a href=\"http:\/\/teftis.kulturturizm.gov.tr\/belge\/1-84942\/ilke-kararlari.html\"><span style=\"color: #0000ff;\">http:\/\/teftis.kulturturizm.gov.tr\/belge\/1-84942\/ilke-kararlari.html<\/span><\/a>\u00a0 web adresinden ula\u015f\u0131labilir.<\/p>\n","protected":false},"excerpt":{"rendered":"<p>Konu ile ilgili \u0130lke Kararlar\u0131na http:\/\/teftis.kulturturizm.gov.tr\/belge\/1-84942\/ilke-kararlari.html\u00a0 web adresinden ula\u015f\u0131labilir.<\/p>\n","protected":false},"author":6,"featured_media":0,"parent":0,"menu_order":2,"comment_status":"closed","ping_status":"open","template":"","meta":{"footnotes":""},"class_list":["post-2379","page","type-page","status-publish","hentry","gallery-content-unit"],"_links":{"self":[{"href":"https:\/\/alanbaskanligi.bursa.bel.tr\/en\/wp-json\/wp\/v2\/pages\/2379","targetHints":{"allow":["GET"]}}],"collection":[{"href":"https:\/\/alanbaskanligi.bursa.bel.tr\/en\/wp-json\/wp\/v2\/pages"}],"about":[{"href":"https:\/\/alanbaskanligi.bursa.bel.tr\/en\/wp-json\/wp\/v2\/types\/page"}],"author":[{"embeddable":true,"href":"https:\/\/alanbaskanligi.bursa.bel.tr\/en\/wp-json\/wp\/v2\/users\/6"}],"replies":[{"embeddable":true,"href":"https:\/\/alanbaskanligi.bursa.bel.tr\/en\/wp-json\/wp\/v2\/comments?post=2379"}],"version-history":[{"count":0,"href":"https:\/\/alanbaskanligi.bursa.bel.tr\/en\/wp-json\/wp\/v2\/pages\/2379\/revisions"}],"wp:attachment":[{"href":"https:\/\/alanbaskanligi.bursa.bel.tr\/en\/wp-json\/wp\/v2\/media?parent=2379"}],"curies":[{"name":"wp","href":"https:\/\/api.w.org\/{rel}","templated":true}]}}