{"id":2479,"date":"2012-03-29T08:31:15","date_gmt":"2012-03-29T06:31:15","guid":{"rendered":"http:\/\/alanbaskanligi.bursa.bel.tr\/?page_id=2479"},"modified":"2012-03-29T08:31:15","modified_gmt":"2012-03-29T06:31:15","slug":"trafo-3","status":"publish","type":"page","link":"https:\/\/alanbaskanligi.bursa.bel.tr\/en\/trafo-3\/","title":{"rendered":"TRAFO"},"content":{"rendered":"<p>1700\u2019lerin ba\u015f\u0131nda Frans\u0131z bir bilim adam\u0131n\u0131n elektrik \u00fczerine \u00f6nemli bir bulu\u015fundan sonra Avrupa ve Amerika\u2019da, \u00f6zellikle 1800\u2019lerin ba\u015f\u0131ndan itibaren, elektrikle ilgili h\u0131zl\u0131 geli\u015fmeler olmu\u015f; ancak, Bursa\u2019da elektrik enerjisinin \u00fcretimi i\u00e7in giri\u015fimlere 1906\u2019da ba\u015flanabilmi\u015ftir. Cumhuriyet\u2019in kurulu\u015funun ard\u0131ndan 1924 y\u0131l\u0131nda, \u0130talyan ve Frans\u0131z \u015firketlerinin katk\u0131lar\u0131yla Bursa\u2019n\u0131n de\u011fi\u015fik mahallelerinde oniki adet trafo merkezi in\u015fa edildikten sonra, daha sistemli olarak elektik da\u011f\u0131t\u0131m\u0131 yap\u0131lan kentte 19. y\u00fczy\u0131lda ve 20. y\u00fczy\u0131l\u0131n ba\u015flar\u0131nda ayd\u0131nlatma, ya\u011f kandilleri ve mumlarla yap\u0131lm\u0131\u015ft\u0131r.\u00a0Bursada bu tarzda ve ayn\u0131 d\u00f6nemde yap\u0131lm\u0131\u015f oniki adet trafodan biri, \u00c7ekirge Semtinde H\u00fcdavendigar K\u00fclliyesi s\u0131n\u0131rlar\u0131 i\u00e7erisinde yer almaktad\u0131r.<\/p>\n<p><em>Bursa K\u00fclt\u00fcr Varl\u0131klar\u0131 Envanteri:An\u0131tsal Eserler, Bursa B\u00fcy\u00fck\u015fehir Belediyesi Yay\u0131nlar\u0131.<\/em><strong><\/strong><\/p>\n","protected":false},"excerpt":{"rendered":"<p>1700\u2019lerin ba\u015f\u0131nda Frans\u0131z bir bilim adam\u0131n\u0131n elektrik \u00fczerine \u00f6nemli bir bulu\u015fundan sonra Avrupa ve Amerika\u2019da, \u00f6zellikle 1800\u2019lerin ba\u015f\u0131ndan itibaren, elektrikle ilgili h\u0131zl\u0131 geli\u015fmeler olmu\u015f; ancak, Bursa\u2019da elektrik enerjisinin \u00fcretimi i\u00e7in giri\u015fimlere 1906\u2019da ba\u015flanabilmi\u015ftir. Cumhuriyet\u2019in kurulu\u015funun ard\u0131ndan 1924 y\u0131l\u0131nda, \u0130talyan ve [&hellip;]<\/p>\n","protected":false},"author":6,"featured_media":0,"parent":0,"menu_order":2,"comment_status":"closed","ping_status":"open","template":"","meta":{"footnotes":""},"class_list":["post-2479","page","type-page","status-publish","hentry","gallery-content-unit"],"_links":{"self":[{"href":"https:\/\/alanbaskanligi.bursa.bel.tr\/en\/wp-json\/wp\/v2\/pages\/2479","targetHints":{"allow":["GET"]}}],"collection":[{"href":"https:\/\/alanbaskanligi.bursa.bel.tr\/en\/wp-json\/wp\/v2\/pages"}],"about":[{"href":"https:\/\/alanbaskanligi.bursa.bel.tr\/en\/wp-json\/wp\/v2\/types\/page"}],"author":[{"embeddable":true,"href":"https:\/\/alanbaskanligi.bursa.bel.tr\/en\/wp-json\/wp\/v2\/users\/6"}],"replies":[{"embeddable":true,"href":"https:\/\/alanbaskanligi.bursa.bel.tr\/en\/wp-json\/wp\/v2\/comments?post=2479"}],"version-history":[{"count":0,"href":"https:\/\/alanbaskanligi.bursa.bel.tr\/en\/wp-json\/wp\/v2\/pages\/2479\/revisions"}],"wp:attachment":[{"href":"https:\/\/alanbaskanligi.bursa.bel.tr\/en\/wp-json\/wp\/v2\/media?parent=2479"}],"curies":[{"name":"wp","href":"https:\/\/api.w.org\/{rel}","templated":true}]}}