{"id":6479,"date":"2015-07-01T15:17:14","date_gmt":"2015-07-01T13:17:14","guid":{"rendered":"http:\/\/alanbaskanligi.bursa.bel.tr\/?page_id=6479"},"modified":"2016-01-04T15:11:05","modified_gmt":"2016-01-04T13:11:05","slug":"dunya-miras-alanlarimiz","status":"publish","type":"page","link":"https:\/\/alanbaskanligi.bursa.bel.tr\/en\/dunya-miras-alanlarimiz\/","title":{"rendered":"OUR WORLD HERITAGE SITES"},"content":{"rendered":"<h4><\/h4>\n<h4>*<a href=\"https:\/\/drive.google.com\/file\/d\/0BxPKZSUWJKDIUHlVeTNEeGlGR0k\/view?usp=sharing\">Click <\/a>to view the location of our World Heritage on Google Earth.<\/h4>\n<p>&nbsp;<\/p>\n<h4><a title=\"Hanlar B\u00f6lgesi (Orhan Gazi K\u00fcllliyesi ve \u00c7evresi)\" href=\"http:\/\/alanbaskanligi.bursa.bel.tr\/hanlar-bolgesi-orhan-gazi-kullliyesi-ve-cevresi\/\">1-HANLAR B\u00d6LGES\u0130\u00a0(ORHAN GAZ\u0130 K\u00dcLL\u0130YES\u0130 ve \u00c7EVRES\u0130)<\/a><\/h4>\n<h4><a title=\"Osman Gazi ve Orhan Gazi T\u00fcrbeleri\" href=\"http:\/\/alanbaskanligi.bursa.bel.tr\/osman-gazi-ve-orhan-gazi-turbeleri\/\">2-OSMAN GAZ\u0130 ve ORHAN GAZ\u0130 T\u00dcRBELER\u0130<\/a><\/h4>\n<h4><a title=\"Sultan I. Murad (H\u00fcdavendigar) Mescidi\" href=\"http:\/\/alanbaskanligi.bursa.bel.tr\/sultan-i-murad-hudavendigar-mescidi\/\">3-H\u00dcDAVEND\u0130GAR (SULTAN I. MURAD) K\u00dcLL\u0130YES\u0130<\/a><\/h4>\n<h4><a title=\"Y\u0131ld\u0131r\u0131m (Sultan I. Bayezid) K\u00fclliyesi\" href=\"http:\/\/alanbaskanligi.bursa.bel.tr\/yildirim-sultan-i-bayezid-kulliyesi\/\">4-YILDIRIM (SULTAN I. BAYEZ\u0130D) K\u00dcLL\u0130YES\u0130<\/a><\/h4>\n<h4><a title=\"YE\u015e\u0130L (\u00c7ELEB\u0130 MEHMED) K\u00dcLL\u0130YES\u0130\" href=\"http:\/\/alanbaskanligi.bursa.bel.tr\/yesil-celebi-mehmed-kulliyesi\/\">5-YE\u015e\u0130L (\u00c7ELEB\u0130 MEHMED) K\u00dcLL\u0130YES\u0130<\/a><\/h4>\n<h4><a title=\"Muradiye (Sultan II. Murad) K\u00fclliyesi\" href=\"http:\/\/alanbaskanligi.bursa.bel.tr\/muradiye-sultan-ii-murad-kulliyesi\/\">6-MURAD\u0130YE\u00a0(SULTAN II. MURAD)\u00a0K\u00dcLL\u0130YES\u0130<\/a><\/h4>\n<h4><a title=\"Cumal\u0131k\u0131z\u0131k K\u00f6y\u00fc\" href=\"http:\/\/alanbaskanligi.bursa.bel.tr\/cumalikizik-koyu\/\">7-CUMALIKIZIK\u00a0K\u00d6Y\u00dc<\/a><\/h4>\n<h1><\/h1>\n<h3><\/h3>\n","protected":false},"excerpt":{"rendered":"<p>*Click to view the location of our World Heritage on Google Earth. &nbsp; 1-HANLAR B\u00d6LGES\u0130\u00a0(ORHAN GAZ\u0130 K\u00dcLL\u0130YES\u0130 ve \u00c7EVRES\u0130) 2-OSMAN GAZ\u0130 ve ORHAN GAZ\u0130 T\u00dcRBELER\u0130 3-H\u00dcDAVEND\u0130GAR (SULTAN I. MURAD) K\u00dcLL\u0130YES\u0130 4-YILDIRIM (SULTAN I. BAYEZ\u0130D) K\u00dcLL\u0130YES\u0130 5-YE\u015e\u0130L (\u00c7ELEB\u0130 MEHMED) K\u00dcLL\u0130YES\u0130 6-MURAD\u0130YE\u00a0(SULTAN [&hellip;]<\/p>\n","protected":false},"author":5,"featured_media":0,"parent":0,"menu_order":0,"comment_status":"closed","ping_status":"open","template":"","meta":{"footnotes":""},"class_list":["post-6479","page","type-page","status-publish","hentry","gallery-content-unit"],"_links":{"self":[{"href":"https:\/\/alanbaskanligi.bursa.bel.tr\/en\/wp-json\/wp\/v2\/pages\/6479","targetHints":{"allow":["GET"]}}],"collection":[{"href":"https:\/\/alanbaskanligi.bursa.bel.tr\/en\/wp-json\/wp\/v2\/pages"}],"about":[{"href":"https:\/\/alanbaskanligi.bursa.bel.tr\/en\/wp-json\/wp\/v2\/types\/page"}],"author":[{"embeddable":true,"href":"https:\/\/alanbaskanligi.bursa.bel.tr\/en\/wp-json\/wp\/v2\/users\/5"}],"replies":[{"embeddable":true,"href":"https:\/\/alanbaskanligi.bursa.bel.tr\/en\/wp-json\/wp\/v2\/comments?post=6479"}],"version-history":[{"count":2,"href":"https:\/\/alanbaskanligi.bursa.bel.tr\/en\/wp-json\/wp\/v2\/pages\/6479\/revisions"}],"predecessor-version":[{"id":7937,"href":"https:\/\/alanbaskanligi.bursa.bel.tr\/en\/wp-json\/wp\/v2\/pages\/6479\/revisions\/7937"}],"wp:attachment":[{"href":"https:\/\/alanbaskanligi.bursa.bel.tr\/en\/wp-json\/wp\/v2\/media?parent=6479"}],"curies":[{"name":"wp","href":"https:\/\/api.w.org\/{rel}","templated":true}]}}