{"id":6498,"date":"2015-07-02T08:27:56","date_gmt":"2015-07-02T06:27:56","guid":{"rendered":"http:\/\/alanbaskanligi.bursa.bel.tr\/?page_id=6498"},"modified":"2024-08-09T14:39:51","modified_gmt":"2024-08-09T11:39:51","slug":"hakkimizda-2","status":"publish","type":"page","link":"https:\/\/alanbaskanligi.bursa.bel.tr\/en\/hakkimizda-2\/","title":{"rendered":"ABOUT US"},"content":{"rendered":"<p>The &#8220;Bursa Site Management,&#8221; affiliated with the Bursa Metropolitan Municipality, was established in December 2011 as a unit within the relevant department of the Bursa Metropolitan Municipality and is currently in operation.<\/p>\n<p>In accordance with legal regulations, the Bursa Site Management is composed of the following:<\/p>\n<ul>\n<li>Site Manager<\/li>\n<li>Site Management Working Team<\/li>\n<li>Advisory Board<\/li>\n<li>Coordination and Supervisory Board.<\/li>\n<\/ul>\n<p>&nbsp;<\/p>\n<p><strong>VISION OF THE BURSA SITE MANAGEMENT<\/strong><\/p>\n<p>The vision of the Bursa Site Management is to prepare, implement, and ensure the international recognition of a management plan that preserves and sustains the outstanding universal values related to the natural, physical, historical, economic, social, and administrative structures of the Hanlar B\u00f6lgesi (Khans Region,) Sultan Complexes, and Cumal\u0131k\u0131z\u0131k Village, in accordance with international norms and with the participation of all stakeholders (representatives of institutions and organizations with authority and responsibility in the areas, civil society organizations, professional chambers, universities, rights holders, and users of the areas).<\/p>\n<p>&nbsp;<\/p>\n<p><strong>MISSION OF THE BURSA SITE MANAGEMENT<\/strong><\/p>\n<p>-To prepare the Bursa (Khans Region, Sultan Complexes and Cumal\u0131k\u0131z\u0131k) Management Plan, to be formed with the participation of all stakeholders, for the preservation of Bursa Historic Areas (Khans Region, Sultan Complexes, and Cumal\u0131k\u0131z\u0131k Village) in accordance with international norms, and to ensure their management through annual action plans.<\/p>\n<p>&nbsp;<\/p>\n<p>-The Bursa Historic Areas Nomination File was submitted to the Ministry of Culture and Tourism in September 2012, and Bursa&#8217;s inclusion into the UNESCO World Heritage Temporary List in 2014 was ensured. Through such activities, the Bursa Site Management is dedicated to promoting Bursa in international platforms and increasing Bursa\u2019s international recognition.<\/p>\n<p>&nbsp;<\/p>\n<p>-To aim for the sustainable preservation of Bursa Historic Areas in accordance with the conditions of the World Heritage Convention.<\/p>\n<p>&nbsp;<\/p>\n<p>-To promote Bursa&#8217;s historical and cultural heritage to the world and enhance the city&#8217;s potential in the field of tourism.<\/p>\n","protected":false},"excerpt":{"rendered":"<p>The &#8220;Bursa Site Management,&#8221; affiliated with the Bursa Metropolitan Municipality, was established in December 2011 as a unit within the relevant department of the Bursa Metropolitan Municipality and is currently in operation. In accordance with legal regulations, the Bursa Site [&hellip;]<\/p>\n","protected":false},"author":5,"featured_media":0,"parent":0,"menu_order":0,"comment_status":"closed","ping_status":"open","template":"","meta":{"footnotes":""},"class_list":["post-6498","page","type-page","status-publish","hentry","gallery-content-unit"],"_links":{"self":[{"href":"https:\/\/alanbaskanligi.bursa.bel.tr\/en\/wp-json\/wp\/v2\/pages\/6498","targetHints":{"allow":["GET"]}}],"collection":[{"href":"https:\/\/alanbaskanligi.bursa.bel.tr\/en\/wp-json\/wp\/v2\/pages"}],"about":[{"href":"https:\/\/alanbaskanligi.bursa.bel.tr\/en\/wp-json\/wp\/v2\/types\/page"}],"author":[{"embeddable":true,"href":"https:\/\/alanbaskanligi.bursa.bel.tr\/en\/wp-json\/wp\/v2\/users\/5"}],"replies":[{"embeddable":true,"href":"https:\/\/alanbaskanligi.bursa.bel.tr\/en\/wp-json\/wp\/v2\/comments?post=6498"}],"version-history":[{"count":5,"href":"https:\/\/alanbaskanligi.bursa.bel.tr\/en\/wp-json\/wp\/v2\/pages\/6498\/revisions"}],"predecessor-version":[{"id":8316,"href":"https:\/\/alanbaskanligi.bursa.bel.tr\/en\/wp-json\/wp\/v2\/pages\/6498\/revisions\/8316"}],"wp:attachment":[{"href":"https:\/\/alanbaskanligi.bursa.bel.tr\/en\/wp-json\/wp\/v2\/media?parent=6498"}],"curies":[{"name":"wp","href":"https:\/\/api.w.org\/{rel}","templated":true}]}}