{"id":6503,"date":"2015-07-02T08:31:41","date_gmt":"2015-07-02T06:31:41","guid":{"rendered":"http:\/\/alanbaskanligi.bursa.bel.tr\/?page_id=6503"},"modified":"2016-01-04T15:55:05","modified_gmt":"2016-01-04T13:55:05","slug":"baglantilar","status":"publish","type":"page","link":"https:\/\/alanbaskanligi.bursa.bel.tr\/en\/baglantilar\/","title":{"rendered":"LINKS"},"content":{"rendered":"<p><a href=\"http:\/\/en.unesco.org\/\" target=\"_blank\">UNESCO (United Nations Educational, Scientific and Cultural Organization)<\/a><\/p>\n<p><a href=\"http:\/\/whc.unesco.org\/\" target=\"_blank\">UNESCO World Heritage Centre<\/a><\/p>\n<p><a href=\"http:\/\/www.kultur.gov.tr\/\" target=\"_blank\">T.C. K\u00fclt\u00fcr ve Turizm Bakanl\u0131\u011f\u0131<\/a><\/p>\n<p><a href=\"http:\/\/bursa.gov.tr\" target=\"_blank\">T.C. Bursa Valili\u011fi<\/a><\/p>\n<p><a href=\"http:\/\/www.bursa.bel.tr\" target=\"_blank\">Bursa B\u00fcy\u00fck\u015fehir Belediyesi<\/a><\/p>\n<p><a href=\"http:\/\/www.bursakulturturizm.gov.tr\/\" target=\"_blank\">Bursa \u0130l K\u00fclt\u00fcr ve Turizm M\u00fcd\u00fcrl\u00fc\u011f\u00fc<\/a><\/p>\n<p><a href=\"http:\/\/www.bursakentmuzesi.com\/\" target=\"_blank\">Bursa Kent M\u00fczesi<\/a><\/p>\n<p><a href=\"www.bursaarastirmalarimerkezi.org\/\" target=\"_blank\">Bursa Ara\u015ft\u0131rmalar\u0131 Merkezi<\/a><\/p>\n<p><a href=\"www.bkstv.org.tr\/tr.html\" target=\"_blank\">Bursa\u00a0K\u00fclt\u00fcr Sanat ve Turizm Vakf\u0131<\/a><\/p>\n<p><a href=\"www.bursa.com.tr\/\" target=\"_blank\">Bursa.com.tr<\/a><\/p>\n<p><a href=\"http:\/\/www.btch.org.tr\/page\/\" target=\"_blank\">BT\u00c7H (Bursa Tarihi \u00c7ar\u015f\u0131 ve Hanlar Birli\u011fi)<\/a><\/p>\n<p><a href=\"http:\/\/www.unesco.org.tr\/\" target=\"_blank\">UNESCO T\u00fcrkiye Mill\u00ee Komisyonu<\/a><\/p>\n<p><a href=\"http:\/\/www.icomos.org.tr\/\" target=\"_blank\">ICOMOS Uluslararas\u0131 An\u0131tlar ve Sitler Konseyi T\u00fcrkiye Milli Komitesi<\/a><\/p>\n<p><a href=\"http:\/\/www.icomos.org\/fr\/\" target=\"_blank\">ICOMOS (International Council on Monuments and Sites)<\/a><\/p>\n<p><a href=\"http:\/\/www.alanbaskanligi.gov.tr\/index.html\" target=\"_blank\">\u0130stanbul Sit Alanlar\u0131 Alan Y\u00f6netimi Ba\u015fkanl\u0131\u011f\u0131<\/a><\/p>\n<p><a href=\"http:\/\/www.dmselimiyecamii.com\/\" target=\"_blank\">Edirne Selimiye Camii K\u00fclliyesi Alan Ba\u015fkanl\u0131\u011f\u0131<\/a><\/p>\n","protected":false},"excerpt":{"rendered":"<p>UNESCO (United Nations Educational, Scientific and Cultural Organization) UNESCO World Heritage Centre T.C. K\u00fclt\u00fcr ve Turizm Bakanl\u0131\u011f\u0131 T.C. Bursa Valili\u011fi Bursa B\u00fcy\u00fck\u015fehir Belediyesi Bursa \u0130l K\u00fclt\u00fcr ve Turizm M\u00fcd\u00fcrl\u00fc\u011f\u00fc Bursa Kent M\u00fczesi Bursa Ara\u015ft\u0131rmalar\u0131 Merkezi Bursa\u00a0K\u00fclt\u00fcr Sanat ve Turizm Vakf\u0131 [&hellip;]<\/p>\n","protected":false},"author":5,"featured_media":0,"parent":0,"menu_order":0,"comment_status":"closed","ping_status":"open","template":"","meta":{"footnotes":""},"class_list":["post-6503","page","type-page","status-publish","hentry","gallery-content-unit"],"_links":{"self":[{"href":"https:\/\/alanbaskanligi.bursa.bel.tr\/en\/wp-json\/wp\/v2\/pages\/6503","targetHints":{"allow":["GET"]}}],"collection":[{"href":"https:\/\/alanbaskanligi.bursa.bel.tr\/en\/wp-json\/wp\/v2\/pages"}],"about":[{"href":"https:\/\/alanbaskanligi.bursa.bel.tr\/en\/wp-json\/wp\/v2\/types\/page"}],"author":[{"embeddable":true,"href":"https:\/\/alanbaskanligi.bursa.bel.tr\/en\/wp-json\/wp\/v2\/users\/5"}],"replies":[{"embeddable":true,"href":"https:\/\/alanbaskanligi.bursa.bel.tr\/en\/wp-json\/wp\/v2\/comments?post=6503"}],"version-history":[{"count":1,"href":"https:\/\/alanbaskanligi.bursa.bel.tr\/en\/wp-json\/wp\/v2\/pages\/6503\/revisions"}],"predecessor-version":[{"id":7949,"href":"https:\/\/alanbaskanligi.bursa.bel.tr\/en\/wp-json\/wp\/v2\/pages\/6503\/revisions\/7949"}],"wp:attachment":[{"href":"https:\/\/alanbaskanligi.bursa.bel.tr\/en\/wp-json\/wp\/v2\/media?parent=6503"}],"curies":[{"name":"wp","href":"https:\/\/api.w.org\/{rel}","templated":true}]}}