{"id":6783,"date":"2015-07-08T10:23:31","date_gmt":"2015-07-08T08:23:31","guid":{"rendered":"http:\/\/alanbaskanligi.bursa.bel.tr\/?page_id=6783"},"modified":"2015-07-08T13:19:44","modified_gmt":"2015-07-08T11:19:44","slug":"hanlar-bolgesi-orhan-gazi-kullliyesi-ve-cevresi","status":"publish","type":"page","link":"https:\/\/alanbaskanligi.bursa.bel.tr\/en\/hanlar-bolgesi-orhan-gazi-kullliyesi-ve-cevresi\/","title":{"rendered":"Hanlar B\u00f6lgesi (Orhan Gazi K\u00fclliyesi ve \u00c7evresi)"},"content":{"rendered":"<p>Bursa\u2019n\u0131n fethinden sonra Orhan Gazi, kenti geli\u015ftirme politikas\u0131\u00a0do\u011frultusunda; Bizans Kalesi\u2019nin hemen d\u0131\u015f\u0131nda bir k\u00fclliye in\u015fa ettirmi\u015ftir.\u00a0\u0130n\u015fa edildi\u011fi tarihte bir han yap\u0131s\u0131n\u0131 da i\u00e7erecek \u015fekilde planlanan Orhan\u00a0Gazi K\u00fclliyesi\u2019nin etraf\u0131 zamanla \u015fehrin\u00a0ticari merkezi haline gelen Tarihi\u00a0\u00c7ar\u015f\u0131 ve Hanlar B\u00f6lgesi\u2019ne d\u00f6n\u00fc\u015fm\u00fc\u015ft\u00fcr. Bu b\u00f6lgedeki tarihi yap\u0131lar 14.\u00a0y\u00fczy\u0131ldan 16. y\u00fczy\u0131la kadar ge\u00e7en zaman dilimi i\u00e7inde yap\u0131lm\u0131\u015ft\u0131r.<\/p>\n<p>&nbsp;<\/p>\n<p>&nbsp;<\/p>\n\n\t\t<style type=\"text\/css\">\n\t\t\t#gallery-1 {\n\t\t\t\tmargin: auto;\n\t\t\t}\n\t\t\t#gallery-1 .gallery-item {\n\t\t\t\tfloat: left;\n\t\t\t\tmargin-top: 10px;\n\t\t\t\ttext-align: center;\n\t\t\t\twidth: 33%;\n\t\t\t}\n\t\t\t#gallery-1 img {\n\t\t\t\tborder: 2px solid #cfcfcf;\n\t\t\t}\n\t\t\t#gallery-1 .gallery-caption {\n\t\t\t\tmargin-left: 0;\n\t\t\t}\n\t\t\t\/* see gallery_shortcode() in wp-includes\/media.php *\/\n\t\t<\/style>\n\t\t<div id='gallery-1' class='gallery galleryid-6783 gallery-columns-3 gallery-size-thumbnail'><dl class='gallery-item'>\n\t\t\t<dt class='gallery-icon landscape'>\n\t\t\t\t<a href=\"https:\/\/alanbaskanligi.bursa.bel.tr\/en\/wp-content\/uploads\/2015\/07\/NLY_31061.jpg\" title=\"NLY_3106\" data-description=\"\"><img loading=\"lazy\" decoding=\"async\" width=\"150\" height=\"150\" src=\"https:\/\/alanbaskanligi.bursa.bel.tr\/en\/wp-content\/uploads\/2015\/07\/NLY_31061-150x150.jpg\" class=\"attachment-thumbnail size-thumbnail\" alt=\"\"><\/a>\n\t\t\t<\/dt><\/dl><dl class='gallery-item'>\n\t\t\t<dt class='gallery-icon landscape'>\n\t\t\t\t<a href=\"https:\/\/alanbaskanligi.bursa.bel.tr\/en\/wp-content\/uploads\/2015\/07\/20.jpg\" title=\"20\" data-description=\"\"><img loading=\"lazy\" decoding=\"async\" width=\"150\" height=\"150\" src=\"https:\/\/alanbaskanligi.bursa.bel.tr\/en\/wp-content\/uploads\/2015\/07\/20-150x150.jpg\" class=\"attachment-thumbnail size-thumbnail\" alt=\"\"><\/a>\n\t\t\t<\/dt><\/dl><dl class='gallery-item'>\n\t\t\t<dt class='gallery-icon landscape'>\n\t\t\t\t<a href=\"https:\/\/alanbaskanligi.bursa.bel.tr\/en\/wp-content\/uploads\/2015\/07\/21.jpg\" title=\"21\" data-description=\"\"><img loading=\"lazy\" decoding=\"async\" width=\"150\" height=\"150\" src=\"https:\/\/alanbaskanligi.bursa.bel.tr\/en\/wp-content\/uploads\/2015\/07\/21-150x150.jpg\" class=\"attachment-thumbnail size-thumbnail\" alt=\"\"><\/a>\n\t\t\t<\/dt><\/dl><br style=\"clear: both\" \/><dl class='gallery-item'>\n\t\t\t<dt class='gallery-icon landscape'>\n\t\t\t\t<a href=\"https:\/\/alanbaskanligi.bursa.bel.tr\/en\/wp-content\/uploads\/2015\/07\/NLY_31451.jpg\" title=\"NLY_3145\" data-description=\"\"><img loading=\"lazy\" decoding=\"async\" width=\"150\" height=\"150\" src=\"https:\/\/alanbaskanligi.bursa.bel.tr\/en\/wp-content\/uploads\/2015\/07\/NLY_31451-150x150.jpg\" class=\"attachment-thumbnail size-thumbnail\" alt=\"\"><\/a>\n\t\t\t<\/dt><\/dl>\n\t\t\t<br style='clear: both' \/>\n\t\t<\/div>\n\n<p>&nbsp;<\/p>\n","protected":false},"excerpt":{"rendered":"<p>Bursa\u2019n\u0131n fethinden sonra Orhan Gazi, kenti geli\u015ftirme politikas\u0131\u00a0do\u011frultusunda; Bizans Kalesi\u2019nin hemen d\u0131\u015f\u0131nda bir k\u00fclliye in\u015fa ettirmi\u015ftir.\u00a0\u0130n\u015fa edildi\u011fi tarihte bir han yap\u0131s\u0131n\u0131 da i\u00e7erecek \u015fekilde planlanan Orhan\u00a0Gazi K\u00fclliyesi\u2019nin etraf\u0131 zamanla \u015fehrin\u00a0ticari merkezi haline gelen Tarihi\u00a0\u00c7ar\u015f\u0131 ve Hanlar B\u00f6lgesi\u2019ne d\u00f6n\u00fc\u015fm\u00fc\u015ft\u00fcr. Bu b\u00f6lgedeki [&hellip;]<\/p>\n","protected":false},"author":6,"featured_media":0,"parent":0,"menu_order":0,"comment_status":"closed","ping_status":"open","template":"","meta":{"footnotes":""},"class_list":["post-6783","page","type-page","status-publish","hentry","gallery-content-unit"],"_links":{"self":[{"href":"https:\/\/alanbaskanligi.bursa.bel.tr\/en\/wp-json\/wp\/v2\/pages\/6783","targetHints":{"allow":["GET"]}}],"collection":[{"href":"https:\/\/alanbaskanligi.bursa.bel.tr\/en\/wp-json\/wp\/v2\/pages"}],"about":[{"href":"https:\/\/alanbaskanligi.bursa.bel.tr\/en\/wp-json\/wp\/v2\/types\/page"}],"author":[{"embeddable":true,"href":"https:\/\/alanbaskanligi.bursa.bel.tr\/en\/wp-json\/wp\/v2\/users\/6"}],"replies":[{"embeddable":true,"href":"https:\/\/alanbaskanligi.bursa.bel.tr\/en\/wp-json\/wp\/v2\/comments?post=6783"}],"version-history":[{"count":0,"href":"https:\/\/alanbaskanligi.bursa.bel.tr\/en\/wp-json\/wp\/v2\/pages\/6783\/revisions"}],"wp:attachment":[{"href":"https:\/\/alanbaskanligi.bursa.bel.tr\/en\/wp-json\/wp\/v2\/media?parent=6783"}],"curies":[{"name":"wp","href":"https:\/\/api.w.org\/{rel}","templated":true}]}}