{"id":6822,"date":"2015-07-08T13:08:18","date_gmt":"2015-07-08T11:08:18","guid":{"rendered":"http:\/\/alanbaskanligi.bursa.bel.tr\/?page_id=6822"},"modified":"2015-07-08T13:08:18","modified_gmt":"2015-07-08T11:08:18","slug":"yildirim-sultan-i-bayezid-kulliyesi","status":"publish","type":"page","link":"https:\/\/alanbaskanligi.bursa.bel.tr\/en\/yildirim-sultan-i-bayezid-kulliyesi\/","title":{"rendered":"Y\u0131ld\u0131r\u0131m (Sultan I. Bayezid) K\u00fclliyesi"},"content":{"rendered":"<p>Y\u0131ld\u0131r\u0131m Bayezid taraf\u0131ndan 1390\u00a0y\u0131l\u0131nda yapt\u0131r\u0131lmaya ba\u015flanan\u00a0k\u00fclliye, kentin do\u011fu s\u0131n\u0131r\u0131n\u0131 \u00e7izmi\u015ftir.\u00a0D\u00f6neminin \u00f6nemli bir e\u011fitim merkezi\u00a0haline gelmi\u015f olan k\u00fclliye, bug\u00fcn\u00a0b\u00fcnyesinde cami, medrese, hamam\u00a0ve k\u00fclliyeyi yapt\u0131ran Sultan\u2019\u0131n\u00a0t\u00fcrbesini bar\u0131nd\u0131rmaktad\u0131r.<\/p>\n<p>&nbsp;<\/p>\n\n\t\t<style type=\"text\/css\">\n\t\t\t#gallery-1 {\n\t\t\t\tmargin: auto;\n\t\t\t}\n\t\t\t#gallery-1 .gallery-item {\n\t\t\t\tfloat: left;\n\t\t\t\tmargin-top: 10px;\n\t\t\t\ttext-align: center;\n\t\t\t\twidth: 33%;\n\t\t\t}\n\t\t\t#gallery-1 img {\n\t\t\t\tborder: 2px solid #cfcfcf;\n\t\t\t}\n\t\t\t#gallery-1 .gallery-caption {\n\t\t\t\tmargin-left: 0;\n\t\t\t}\n\t\t\t\/* see gallery_shortcode() in wp-includes\/media.php *\/\n\t\t<\/style>\n\t\t<div id='gallery-1' class='gallery galleryid-6822 gallery-columns-3 gallery-size-thumbnail'><dl class='gallery-item'>\n\t\t\t<dt class='gallery-icon landscape'>\n\t\t\t\t<a href=\"https:\/\/alanbaskanligi.bursa.bel.tr\/en\/wp-content\/uploads\/2015\/07\/27.jpg\" title=\"27\" data-description=\"\"><img loading=\"lazy\" decoding=\"async\" width=\"150\" height=\"150\" src=\"https:\/\/alanbaskanligi.bursa.bel.tr\/en\/wp-content\/uploads\/2015\/07\/27-150x150.jpg\" class=\"attachment-thumbnail size-thumbnail\" alt=\"\"><\/a>\n\t\t\t<\/dt><\/dl><dl class='gallery-item'>\n\t\t\t<dt class='gallery-icon landscape'>\n\t\t\t\t<a href=\"https:\/\/alanbaskanligi.bursa.bel.tr\/en\/wp-content\/uploads\/2015\/07\/291.jpg\" title=\"29\" data-description=\"\"><img loading=\"lazy\" decoding=\"async\" width=\"150\" height=\"150\" src=\"https:\/\/alanbaskanligi.bursa.bel.tr\/en\/wp-content\/uploads\/2015\/07\/291-150x150.jpg\" class=\"attachment-thumbnail size-thumbnail\" alt=\"\"><\/a>\n\t\t\t<\/dt><\/dl><dl class='gallery-item'>\n\t\t\t<dt class='gallery-icon landscape'>\n\t\t\t\t<a href=\"https:\/\/alanbaskanligi.bursa.bel.tr\/en\/wp-content\/uploads\/2015\/07\/yimad3.jpg\" title=\"yimad3\" data-description=\"\"><img loading=\"lazy\" decoding=\"async\" width=\"150\" height=\"150\" src=\"https:\/\/alanbaskanligi.bursa.bel.tr\/en\/wp-content\/uploads\/2015\/07\/yimad3-150x150.jpg\" class=\"attachment-thumbnail size-thumbnail\" alt=\"\"><\/a>\n\t\t\t<\/dt><\/dl><br style=\"clear: both\" \/>\n\t\t<\/div>\n\n<p>&nbsp;<\/p>\n","protected":false},"excerpt":{"rendered":"<p>Y\u0131ld\u0131r\u0131m Bayezid taraf\u0131ndan 1390\u00a0y\u0131l\u0131nda yapt\u0131r\u0131lmaya ba\u015flanan\u00a0k\u00fclliye, kentin do\u011fu s\u0131n\u0131r\u0131n\u0131 \u00e7izmi\u015ftir.\u00a0D\u00f6neminin \u00f6nemli bir e\u011fitim merkezi\u00a0haline gelmi\u015f olan k\u00fclliye, bug\u00fcn\u00a0b\u00fcnyesinde cami, medrese, hamam\u00a0ve k\u00fclliyeyi yapt\u0131ran Sultan\u2019\u0131n\u00a0t\u00fcrbesini bar\u0131nd\u0131rmaktad\u0131r. &nbsp; &nbsp;<\/p>\n","protected":false},"author":6,"featured_media":0,"parent":0,"menu_order":0,"comment_status":"closed","ping_status":"open","template":"","meta":{"footnotes":""},"class_list":["post-6822","page","type-page","status-publish","hentry","gallery-content-unit"],"_links":{"self":[{"href":"https:\/\/alanbaskanligi.bursa.bel.tr\/en\/wp-json\/wp\/v2\/pages\/6822","targetHints":{"allow":["GET"]}}],"collection":[{"href":"https:\/\/alanbaskanligi.bursa.bel.tr\/en\/wp-json\/wp\/v2\/pages"}],"about":[{"href":"https:\/\/alanbaskanligi.bursa.bel.tr\/en\/wp-json\/wp\/v2\/types\/page"}],"author":[{"embeddable":true,"href":"https:\/\/alanbaskanligi.bursa.bel.tr\/en\/wp-json\/wp\/v2\/users\/6"}],"replies":[{"embeddable":true,"href":"https:\/\/alanbaskanligi.bursa.bel.tr\/en\/wp-json\/wp\/v2\/comments?post=6822"}],"version-history":[{"count":0,"href":"https:\/\/alanbaskanligi.bursa.bel.tr\/en\/wp-json\/wp\/v2\/pages\/6822\/revisions"}],"wp:attachment":[{"href":"https:\/\/alanbaskanligi.bursa.bel.tr\/en\/wp-json\/wp\/v2\/media?parent=6822"}],"curies":[{"name":"wp","href":"https:\/\/api.w.org\/{rel}","templated":true}]}}