{"id":6839,"date":"2015-07-08T13:30:51","date_gmt":"2015-07-08T11:30:51","guid":{"rendered":"http:\/\/alanbaskanligi.bursa.bel.tr\/?page_id=6839"},"modified":"2015-07-08T13:30:51","modified_gmt":"2015-07-08T11:30:51","slug":"muradiye-sultan-ii-murad-kulliyesi","status":"publish","type":"page","link":"https:\/\/alanbaskanligi.bursa.bel.tr\/en\/muradiye-sultan-ii-murad-kulliyesi\/","title":{"rendered":"Muradiye (Sultan II. Murad) K\u00fclliyesi"},"content":{"rendered":"<p>Osmanl\u0131 Sultanlar\u0131 taraf\u0131ndan Bursa\u2019da\u00a0yapt\u0131r\u0131lan son k\u00fclliyedir. Sultan II. Murad\u00a0taraf\u0131ndan 1425 y\u0131l\u0131nda yapt\u0131r\u0131lmaya\u00a0ba\u015flanan k\u00fclliye, i\u00e7erdi\u011fi t\u00fcrbeler\u00a0toplulu\u011fu ile bir \u015faheserdir.\u00a0B\u00fcnyesinde cami, medrese, hamam,\u00a0imaret ve i\u00e7erisinde k\u00fclliyeyi yapt\u0131ran\u00a0Sultan\u2019\u0131n t\u00fcrbesi de d\u00e2hil, toplam\u00a012 adet t\u00fcrbenin yer ald\u0131\u011f\u0131 hazireyi\u00a0bar\u0131nd\u0131rmaktad\u0131r.<\/p>\n<p>&nbsp;<\/p>\n\n\t\t<style type=\"text\/css\">\n\t\t\t#gallery-1 {\n\t\t\t\tmargin: auto;\n\t\t\t}\n\t\t\t#gallery-1 .gallery-item {\n\t\t\t\tfloat: left;\n\t\t\t\tmargin-top: 10px;\n\t\t\t\ttext-align: center;\n\t\t\t\twidth: 33%;\n\t\t\t}\n\t\t\t#gallery-1 img {\n\t\t\t\tborder: 2px solid #cfcfcf;\n\t\t\t}\n\t\t\t#gallery-1 .gallery-caption {\n\t\t\t\tmargin-left: 0;\n\t\t\t}\n\t\t\t\/* see gallery_shortcode() in wp-includes\/media.php *\/\n\t\t<\/style>\n\t\t<div id='gallery-1' class='gallery galleryid-6839 gallery-columns-3 gallery-size-thumbnail'><dl class='gallery-item'>\n\t\t\t<dt class='gallery-icon landscape'>\n\t\t\t\t<a href=\"https:\/\/alanbaskanligi.bursa.bel.tr\/en\/wp-content\/uploads\/2015\/07\/MURADIYE-KULLIYELERI-HAVA-EKIM-2013-2-1024x682.jpg\" title=\"MURADIYE-KULLIYELERI-HAVA-EKIM-2013-2-1024x682\" data-description=\"\"><img loading=\"lazy\" decoding=\"async\" width=\"150\" height=\"150\" src=\"https:\/\/alanbaskanligi.bursa.bel.tr\/en\/wp-content\/uploads\/2015\/07\/MURADIYE-KULLIYELERI-HAVA-EKIM-2013-2-1024x682-150x150.jpg\" class=\"attachment-thumbnail size-thumbnail\" alt=\"\"><\/a>\n\t\t\t<\/dt><\/dl><dl class='gallery-item'>\n\t\t\t<dt class='gallery-icon landscape'>\n\t\t\t\t<a href=\"https:\/\/alanbaskanligi.bursa.bel.tr\/en\/wp-content\/uploads\/2015\/07\/CUM_9937ca.jpg\" title=\"CUM_9937ca\" data-description=\"\"><img loading=\"lazy\" decoding=\"async\" width=\"150\" height=\"150\" src=\"https:\/\/alanbaskanligi.bursa.bel.tr\/en\/wp-content\/uploads\/2015\/07\/CUM_9937ca-150x150.jpg\" class=\"attachment-thumbnail size-thumbnail\" alt=\"\"><\/a>\n\t\t\t<\/dt><\/dl><dl class='gallery-item'>\n\t\t\t<dt class='gallery-icon portrait'>\n\t\t\t\t<a href=\"https:\/\/alanbaskanligi.bursa.bel.tr\/en\/wp-content\/uploads\/2015\/07\/MURADIYE-KULLIYELERI-CALISMA-TEMMUZ-2013-11-1024x728.jpg\" title=\"MURADIYE-KULLIYELERI-CALISMA-TEMMUZ-2013-11-1024x728\" data-description=\"\"><img loading=\"lazy\" decoding=\"async\" width=\"150\" height=\"150\" src=\"https:\/\/alanbaskanligi.bursa.bel.tr\/en\/wp-content\/uploads\/2015\/07\/MURADIYE-KULLIYELERI-CALISMA-TEMMUZ-2013-11-1024x728-150x150.jpg\" class=\"attachment-thumbnail size-thumbnail\" alt=\"\"><\/a>\n\t\t\t<\/dt><\/dl><br style=\"clear: both\" \/><dl class='gallery-item'>\n\t\t\t<dt class='gallery-icon landscape'>\n\t\t\t\t<a href=\"https:\/\/alanbaskanligi.bursa.bel.tr\/en\/wp-content\/uploads\/2015\/07\/mum1.jpg\" title=\"mum1\" data-description=\"\"><img loading=\"lazy\" decoding=\"async\" width=\"150\" height=\"150\" src=\"https:\/\/alanbaskanligi.bursa.bel.tr\/en\/wp-content\/uploads\/2015\/07\/mum1-150x150.jpg\" class=\"attachment-thumbnail size-thumbnail\" alt=\"\"><\/a>\n\t\t\t<\/dt><\/dl>\n\t\t\t<br style='clear: both' \/>\n\t\t<\/div>\n\n","protected":false},"excerpt":{"rendered":"<p>Osmanl\u0131 Sultanlar\u0131 taraf\u0131ndan Bursa\u2019da\u00a0yapt\u0131r\u0131lan son k\u00fclliyedir. Sultan II. Murad\u00a0taraf\u0131ndan 1425 y\u0131l\u0131nda yapt\u0131r\u0131lmaya\u00a0ba\u015flanan k\u00fclliye, i\u00e7erdi\u011fi t\u00fcrbeler\u00a0toplulu\u011fu ile bir \u015faheserdir.\u00a0B\u00fcnyesinde cami, medrese, hamam,\u00a0imaret ve i\u00e7erisinde k\u00fclliyeyi yapt\u0131ran\u00a0Sultan\u2019\u0131n t\u00fcrbesi de d\u00e2hil, toplam\u00a012 adet t\u00fcrbenin yer ald\u0131\u011f\u0131 hazireyi\u00a0bar\u0131nd\u0131rmaktad\u0131r. &nbsp;<\/p>\n","protected":false},"author":6,"featured_media":0,"parent":0,"menu_order":0,"comment_status":"closed","ping_status":"open","template":"","meta":{"footnotes":""},"class_list":["post-6839","page","type-page","status-publish","hentry","gallery-content-unit"],"_links":{"self":[{"href":"https:\/\/alanbaskanligi.bursa.bel.tr\/en\/wp-json\/wp\/v2\/pages\/6839","targetHints":{"allow":["GET"]}}],"collection":[{"href":"https:\/\/alanbaskanligi.bursa.bel.tr\/en\/wp-json\/wp\/v2\/pages"}],"about":[{"href":"https:\/\/alanbaskanligi.bursa.bel.tr\/en\/wp-json\/wp\/v2\/types\/page"}],"author":[{"embeddable":true,"href":"https:\/\/alanbaskanligi.bursa.bel.tr\/en\/wp-json\/wp\/v2\/users\/6"}],"replies":[{"embeddable":true,"href":"https:\/\/alanbaskanligi.bursa.bel.tr\/en\/wp-json\/wp\/v2\/comments?post=6839"}],"version-history":[{"count":0,"href":"https:\/\/alanbaskanligi.bursa.bel.tr\/en\/wp-json\/wp\/v2\/pages\/6839\/revisions"}],"wp:attachment":[{"href":"https:\/\/alanbaskanligi.bursa.bel.tr\/en\/wp-json\/wp\/v2\/media?parent=6839"}],"curies":[{"name":"wp","href":"https:\/\/api.w.org\/{rel}","templated":true}]}}