{"id":7328,"date":"2015-07-13T11:52:23","date_gmt":"2015-07-13T09:52:23","guid":{"rendered":"http:\/\/alanbaskanligi.bursa.bel.tr\/?page_id=7328"},"modified":"2016-08-18T08:09:57","modified_gmt":"2016-08-18T06:09:57","slug":"yonetim-plani-kapsaminda-bursanin-sorumluluklari-nelerdir","status":"publish","type":"page","link":"https:\/\/alanbaskanligi.bursa.bel.tr\/en\/yonetim-plani-kapsaminda-bursanin-sorumluluklari-nelerdir\/","title":{"rendered":"What are the responsibilities of Bursa under Management Plan?"},"content":{"rendered":"<p>PRESERVE TOGETHER<br \/>\nSharing schedules of institutions with each other and public, preventing conflicts, using resources efficiently, and conducting studies to develop special regulations for administration.<\/p>\n<p>CARE TO MAINTAIN PRESERVATION-USAGE BALANCE<br \/>\nConducting upper scale studies to preserve the city silhouette and increase perception of historical sites, making lives of villagers and town-dwellers easier through restorations determined by social and cultural priorities, conduct studies to prevent them from leaving these sites.<\/p>\n<p>CONSIDERING TOURISM NOT AS A GOAL BUT AS A TOOL<br \/>\nProtecting Inns, Complexes and Cumal\u0131k\u0131z\u0131k Village, as they constitute not only economical but also social and cultural centres, implementing regulations to ensure continuation of village lifestyle since a holiday village will attract more tourists to village in long term.<\/p>\n<p>RAISING CONSCIOUSNESS AND AWARENESS AT ALL LEVELS<br \/>\nStudies are conducted to provide trainings at various levels varying from showing elementary level children about the importance of the environment they live in, to training village folk on how to repair their houses after restoration works.<\/p>\n<p>ACCESSIBLE AND PEDESTRIAN FOCUSED INNS, COMPLEXES AND CUMALIKIZIK VILLAGE, AND ACCESSIBLE CITY FOR VILLAGE FOLK<br \/>\nEliminating parking problem in historical sites, provide accessibility and conducting studies to establish a more effective connection through the rail system.<\/p>\n<p>BURSA AND CUMALIKIZIK RECOGNIZED ALL OVER THE WORLD<br \/>\nPreparations made to help promote Bursa and Cumal\u0131k\u0131z\u0131k, recognized with historical and cultural heritage, through world tourism network.<\/p>\n<p>BEING PREPARED FOR EMERGENCIES AND DISASTERS<br \/>\nStudies are conducted to ensure residents and employees in the bazaars and neighbourhoods are well prepared for emergencies and disasters, and management is ready for such emergencies and disasters.<\/p>\n<p>HEM HERKES \u0130\u00c7\u0130N ULA\u015eILAB\u0130L\u0130R, YAYA \u00d6NCEL\u0130KL\u0130\u00a0HANLAR, K\u00dcLL\u0130YELER VE CUMALIKIZIK K\u00d6Y\u00dc, HEM\u00a0DE K\u00d6Y HALKI \u0130\u00c7\u0130N ULA\u015eILAB\u0130L\u0130R B\u0130R KENT OLMAK<br \/>\nTarihi alanlarda otopark sorununun ortadan kald\u0131r\u0131lmas\u0131,\u00a0eri\u015filebilirli\u011fin sa\u011flanmas\u0131 ve Cumal\u0131k\u0131z\u0131k K\u00f6y\u00fc\u2019nde\u00a0Ankara Yolu \u00fczerindeki rayl\u0131 sistem ile daha etkin\u00a0ba\u011flant\u0131 kurulmas\u0131 i\u00e7in \u00e7al\u0131\u015fmalar\u0131n yap\u0131lmas\u0131 amac\u0131yla\u00a0\u00e7al\u0131\u015fmalar ger\u00e7ekle\u015ftirmektir.<\/p>\n<p>D\u00dcNYANIN TANIDI\u011eI BURSA VE CUMALIKIZIK OLMAK<br \/>\nTarihi k\u00fclt\u00fcrel miras\u0131 ile tan\u0131nan, d\u00fcnya turizm a\u011f\u0131na d\u00e2hil\u00a0olmu\u015f Bursa ve Cumal\u0131k\u0131z\u0131k i\u00e7in \u00e7al\u0131\u015f\u0131lmas\u0131n\u0131 sa\u011flamak\u00a0amac\u0131yla \u00e7al\u0131\u015fmalar ger\u00e7ekle\u015ftirmektir.<\/p>\n<p>AC\u0130L DURUMLAR VE AFETLERE HAZIRLIKLI OLMAK<br \/>\nAcil durumlarda nas\u0131l hareket edece\u011fini bilen \u00e7ar\u015f\u0131,\u00a0mahalle ve k\u00f6y sakinleri ile acil durum ve afetlere\u00a0haz\u0131rl\u0131kl\u0131 y\u00f6netime sahip olunmas\u0131 amac\u0131yla \u00e7al\u0131\u015fmalar<br \/>\nger\u00e7ekle\u015ftirmektir.<\/p>\n<p>&nbsp;<\/p>\n","protected":false},"excerpt":{"rendered":"<p>PRESERVE TOGETHER Sharing schedules of institutions with each other and public, preventing conflicts, using resources efficiently, and conducting studies to develop special regulations for administration. CARE TO MAINTAIN PRESERVATION-USAGE BALANCE Conducting upper scale studies to preserve the city silhouette and [&hellip;]<\/p>\n","protected":false},"author":6,"featured_media":0,"parent":0,"menu_order":0,"comment_status":"closed","ping_status":"open","template":"","meta":{"footnotes":""},"class_list":["post-7328","page","type-page","status-publish","hentry","gallery-content-unit"],"_links":{"self":[{"href":"https:\/\/alanbaskanligi.bursa.bel.tr\/en\/wp-json\/wp\/v2\/pages\/7328","targetHints":{"allow":["GET"]}}],"collection":[{"href":"https:\/\/alanbaskanligi.bursa.bel.tr\/en\/wp-json\/wp\/v2\/pages"}],"about":[{"href":"https:\/\/alanbaskanligi.bursa.bel.tr\/en\/wp-json\/wp\/v2\/types\/page"}],"author":[{"embeddable":true,"href":"https:\/\/alanbaskanligi.bursa.bel.tr\/en\/wp-json\/wp\/v2\/users\/6"}],"replies":[{"embeddable":true,"href":"https:\/\/alanbaskanligi.bursa.bel.tr\/en\/wp-json\/wp\/v2\/comments?post=7328"}],"version-history":[{"count":2,"href":"https:\/\/alanbaskanligi.bursa.bel.tr\/en\/wp-json\/wp\/v2\/pages\/7328\/revisions"}],"predecessor-version":[{"id":7986,"href":"https:\/\/alanbaskanligi.bursa.bel.tr\/en\/wp-json\/wp\/v2\/pages\/7328\/revisions\/7986"}],"wp:attachment":[{"href":"https:\/\/alanbaskanligi.bursa.bel.tr\/en\/wp-json\/wp\/v2\/media?parent=7328"}],"curies":[{"name":"wp","href":"https:\/\/api.w.org\/{rel}","templated":true}]}}