{"id":886,"date":"2012-02-03T09:04:30","date_gmt":"2012-02-03T07:04:30","guid":{"rendered":"http:\/\/alanbaskanligi.bursa.bel.tr\/?page_id=886"},"modified":"2015-11-23T16:59:00","modified_gmt":"2015-11-23T14:59:00","slug":"adaylik-dosyasi","status":"publish","type":"page","link":"https:\/\/alanbaskanligi.bursa.bel.tr\/en\/unesco\/adaylik-dosyasi\/","title":{"rendered":"ADAYLIK DOSYASI"},"content":{"rendered":"<p><span style=\"color: #000000;\"><span style=\"color: #ff0000;\">1-<\/span> 2014 y\u0131l\u0131nda UNESCO D\u00fcnya Miras listesi&#8217;ne kabul edilen &#8220;Bursa ve Cumal\u0131k\u0131z\u0131k: Osmanl\u0131 \u0130mparatorlu\u011fu&#8217;nun Do\u011fu\u015fu&#8221; adl\u0131\u00a0Adayl\u0131k Dosyas\u0131 ve Eklerinin \u0130ngilizce halini indirebilmek i\u00e7in\u00a0<span style=\"color: #0000ff;\"><a style=\"color: #0000ff;\" href=\"http:\/\/alanbaskanligi.bursa.bel.tr\/wp-content\/uploads\/unesco-adaylik-dosyasi-ve-ekleri-ingilizce-icin-tiklayiniz.pdf\" target=\"_blank\">t\u0131klay\u0131n\u0131z.<\/a><\/span><\/span><\/p>\n<p><span style=\"color: #000000;\">*Dosyan\u0131n y\u00fcksek \u00e7\u00f6z\u00fcn\u00fcrl\u00fckl\u00fc haline\u00a0<span style=\"color: #0000ff;\"><a style=\"color: #0000ff;\" href=\"http:\/\/whc.unesco.org\/uploads\/nominations\/1452.pdf\" target=\"_blank\">http:\/\/whc.unesco.org\/uploads\/nominations\/1452.pdf<\/a><\/span> linkinden ula\u015fabilirsiniz.<\/span><\/p>\n<p><span style=\"color: #000000;\"><span style=\"color: #ff0000;\">2-<\/span> 2014 y\u0131l\u0131nda UNESCO D\u00fcnya Miras listesi&#8217;ne kabul edilen &#8220;Bursa ve Cumal\u0131k\u0131z\u0131k: Osmanl\u0131 \u0130mparatorlu\u011fu&#8217;nun Do\u011fu\u015fu&#8221; adl\u0131 Adayl\u0131k Dosyas\u0131&#8217;n\u0131n T\u00fcrk\u00e7e halini indirmek i\u00e7in <span style=\"color: #0000ff;\"><a style=\"color: #0000ff;\" href=\"http:\/\/alanbaskanligi.bursa.bel.tr\/wp-content\/uploads\/2012\/02\/ADAYLIK-DOSYASI-2013-TR.pdf\" target=\"_blank\">t\u0131klay\u0131n\u0131z<\/a>.<\/span><\/span><\/p>\n","protected":false},"excerpt":{"rendered":"<p>1- 2014 y\u0131l\u0131nda UNESCO D\u00fcnya Miras listesi&#8217;ne kabul edilen &#8220;Bursa ve Cumal\u0131k\u0131z\u0131k: Osmanl\u0131 \u0130mparatorlu\u011fu&#8217;nun Do\u011fu\u015fu&#8221; adl\u0131\u00a0Adayl\u0131k Dosyas\u0131 ve Eklerinin \u0130ngilizce halini indirebilmek i\u00e7in\u00a0t\u0131klay\u0131n\u0131z. *Dosyan\u0131n y\u00fcksek \u00e7\u00f6z\u00fcn\u00fcrl\u00fckl\u00fc haline\u00a0http:\/\/whc.unesco.org\/uploads\/nominations\/1452.pdf linkinden ula\u015fabilirsiniz. 2- 2014 y\u0131l\u0131nda UNESCO D\u00fcnya Miras listesi&#8217;ne kabul edilen &#8220;Bursa ve [&hellip;]<\/p>\n","protected":false},"author":5,"featured_media":0,"parent":884,"menu_order":0,"comment_status":"open","ping_status":"closed","template":"","meta":{"footnotes":""},"class_list":["post-886","page","type-page","status-publish","hentry","gallery-content-unit"],"_links":{"self":[{"href":"https:\/\/alanbaskanligi.bursa.bel.tr\/en\/wp-json\/wp\/v2\/pages\/886","targetHints":{"allow":["GET"]}}],"collection":[{"href":"https:\/\/alanbaskanligi.bursa.bel.tr\/en\/wp-json\/wp\/v2\/pages"}],"about":[{"href":"https:\/\/alanbaskanligi.bursa.bel.tr\/en\/wp-json\/wp\/v2\/types\/page"}],"author":[{"embeddable":true,"href":"https:\/\/alanbaskanligi.bursa.bel.tr\/en\/wp-json\/wp\/v2\/users\/5"}],"replies":[{"embeddable":true,"href":"https:\/\/alanbaskanligi.bursa.bel.tr\/en\/wp-json\/wp\/v2\/comments?post=886"}],"version-history":[{"count":3,"href":"https:\/\/alanbaskanligi.bursa.bel.tr\/en\/wp-json\/wp\/v2\/pages\/886\/revisions"}],"predecessor-version":[{"id":7889,"href":"https:\/\/alanbaskanligi.bursa.bel.tr\/en\/wp-json\/wp\/v2\/pages\/886\/revisions\/7889"}],"up":[{"embeddable":true,"href":"https:\/\/alanbaskanligi.bursa.bel.tr\/en\/wp-json\/wp\/v2\/pages\/884"}],"wp:attachment":[{"href":"https:\/\/alanbaskanligi.bursa.bel.tr\/en\/wp-json\/wp\/v2\/media?parent=886"}],"curies":[{"name":"wp","href":"https:\/\/api.w.org\/{rel}","templated":true}]}}