{"id":887,"date":"2012-02-03T09:04:47","date_gmt":"2012-02-03T07:04:47","guid":{"rendered":"http:\/\/alanbaskanligi.bursa.bel.tr\/?page_id=887"},"modified":"2016-01-04T15:39:58","modified_gmt":"2016-01-04T13:39:58","slug":"yonetim-plani","status":"publish","type":"page","link":"https:\/\/alanbaskanligi.bursa.bel.tr\/en\/unesco\/yonetim-plani\/","title":{"rendered":"MANAGEMENT PLAN"},"content":{"rendered":"<p>\u2013<a href=\"http:\/\/alanbaskanligi.bursa.bel.tr\/wp-content\/uploads\/2012\/02\/YONETIM-PLANI-2013-ENG.pdf\">Click<\/a> to download the Turkish version of Bursa (Inns Area &amp; Sultan Complexes) and Cumal\u0131k\u0131z\u0131k Management Plan [2013-2018]<\/p>\n<p>\u2013<a href=\"http:\/\/alanbaskanligi.bursa.bel.tr\/wp-content\/uploads\/2012\/02\/YONETIM-PLANI-2013-ENG.pdf\">Click<\/a> to download the English version of Bursa (Inns Area &amp; Sultan Complexes) and Cumal\u0131k\u0131z\u0131k Management Plan [2013-2018]<\/p>\n","protected":false},"excerpt":{"rendered":"<p>\u2013Click to download the Turkish version of Bursa (Inns Area &amp; Sultan Complexes) and Cumal\u0131k\u0131z\u0131k Management Plan [2013-2018] \u2013Click to download the English version of Bursa (Inns Area &amp; Sultan Complexes) and Cumal\u0131k\u0131z\u0131k Management Plan [2013-2018]<\/p>\n","protected":false},"author":5,"featured_media":0,"parent":884,"menu_order":0,"comment_status":"open","ping_status":"open","template":"","meta":{"footnotes":""},"class_list":["post-887","page","type-page","status-publish","hentry","gallery-content-unit"],"_links":{"self":[{"href":"https:\/\/alanbaskanligi.bursa.bel.tr\/en\/wp-json\/wp\/v2\/pages\/887","targetHints":{"allow":["GET"]}}],"collection":[{"href":"https:\/\/alanbaskanligi.bursa.bel.tr\/en\/wp-json\/wp\/v2\/pages"}],"about":[{"href":"https:\/\/alanbaskanligi.bursa.bel.tr\/en\/wp-json\/wp\/v2\/types\/page"}],"author":[{"embeddable":true,"href":"https:\/\/alanbaskanligi.bursa.bel.tr\/en\/wp-json\/wp\/v2\/users\/5"}],"replies":[{"embeddable":true,"href":"https:\/\/alanbaskanligi.bursa.bel.tr\/en\/wp-json\/wp\/v2\/comments?post=887"}],"version-history":[{"count":6,"href":"https:\/\/alanbaskanligi.bursa.bel.tr\/en\/wp-json\/wp\/v2\/pages\/887\/revisions"}],"predecessor-version":[{"id":7943,"href":"https:\/\/alanbaskanligi.bursa.bel.tr\/en\/wp-json\/wp\/v2\/pages\/887\/revisions\/7943"}],"up":[{"embeddable":true,"href":"https:\/\/alanbaskanligi.bursa.bel.tr\/en\/wp-json\/wp\/v2\/pages\/884"}],"wp:attachment":[{"href":"https:\/\/alanbaskanligi.bursa.bel.tr\/en\/wp-json\/wp\/v2\/media?parent=887"}],"curies":[{"name":"wp","href":"https:\/\/api.w.org\/{rel}","templated":true}]}}