{"id":918,"date":"2012-02-03T09:19:26","date_gmt":"2012-02-03T07:19:26","guid":{"rendered":"http:\/\/alanbaskanligi.bursa.bel.tr\/?page_id=918"},"modified":"2025-07-21T14:23:15","modified_gmt":"2025-07-21T11:23:15","slug":"bab-organizasyon-semasi","status":"publish","type":"page","link":"https:\/\/alanbaskanligi.bursa.bel.tr\/en\/bab-organizasyon-semasi\/","title":{"rendered":"BURSA SITE MANAGEMENT ADMINISTRATIVE STRUCTURE"},"content":{"rendered":"<p><strong>ADMINISTRATIVE STRUCTURE OF THE BURSA SITE MANAGEMENT<\/strong><\/p>\n<p>&nbsp;<\/p>\n<p><strong>BURSA SITE MANAGER:<\/strong><\/p>\n<p>Prof. Dr. Neslihan DOSTO\u011eLU<\/p>\n<p>&nbsp;<\/p>\n<p><strong>BURSA SITE MANAGEMENT Coordinator:<\/strong><\/p>\n<p>Seda BAL &#8211; Art Historian (MA)<\/p>\n<p>M. Tu\u011f\u00e7e KURTKAYA &#8211; A<span lang=\"en-GB\">rcheologist<\/span><\/p>\n<p>Beste G\u00dcZEL &#8211; Architect (MA)<\/p>\n<p>\u0130. Alper YILMAZ &#8211; Restaurateur<\/p>\n<p>&nbsp;<\/p>\n<p><strong>BURSA SITE MANAGEMENT ADVISORY BOARD MEMBERS:<\/strong><\/p>\n<p>Head of Culture and Arts Department, Bursa Metropolitan Municipality<\/p>\n<p>Historical Cultural Heritage Branch Manager, Bursa Metropolitan Municipality<\/p>\n<p>Planning and Projects Manager, Osmangazi Municipality<\/p>\n<p>Director of Civil Works, Y\u0131ld\u0131r\u0131m Municipality<\/p>\n<p>Art Works and Construction Branch Manager, Foundations Regional Directorate of Bursa<\/p>\n<p>Bursa Provincial Directorate of Culture and Tourism<\/p>\n<p>Regional Board Director of Bursa Cultural Assets Preservation<\/p>\n<p>Director of Bursa Building Surveying and Monuments<\/p>\n<p>Natural Properties Conservation Branch Manager, Bursa Directorate of Environment and Urbanization<\/p>\n<p>Bursa Provincial Director of Disaster and Emergency Management<\/p>\n<p>Osmangazi District Governor<\/p>\n<p>Y\u0131ld\u0131r\u0131m District Governor<\/p>\n<p>Prof. Dr. T\u00fclin VURAL ARSLAN, Lecturer at Department of Architecture, Faculty of Architecture, Bursa Uluda\u011f University<\/p>\n<p>Prof. Dr. Can B\u0130NAN, Lecturer at Department of Architecture, Faculty of Architecture, Y\u0131ld\u0131z Technical University<\/p>\n<p>Prof. Dr. Nil\u00fcfer AKINCIT\u00dcRK, Dean of the Faculty of Architecture, Bursa Uluda\u011f University<\/p>\n<p>Prof. Dr.G\u00fcl SAYAN ATANUR, Dean of the Faculty of Natural Sciences, Architecture and Engineering, Bursa Technical University<\/p>\n<p>Prof. Dr. Handan T\u00dcRKO\u011eLU, Lecturer at Department of Urban and Regional Planning, Faculty of Architecture, Istanbul Technical University<\/p>\n<p>Prof. Dr. Arzu \u00c7AHANT\u0130MUR, Lecturer at Department of Architecture, Faculty of Architecture, Bursa Uluda\u011f University<\/p>\n<p>Prof. Dr. \u00d6zlem K\u00d6PR\u00dcL\u00dc BA\u011eBANCI, Lecturer at Department of Architecture, Faculty of Architecture, Bursa Uluda\u011f University<\/p>\n<p>Prof. Dr. Nuray AKBUDAK, Lecturer at Department of Horticulture, Faculty of Agriculture, Bursa Uluda\u011f University<\/p>\n<p>Prof. Dr. Handan Asude BA\u015eAL, Lecturer at Department of Preschool Education, Faculty of Education, Bursa Uluda\u011f University<\/p>\n<p>Prof. Dr. Yonca K\u00d6SEBAY ERKAN, \u00a0Lecturer at Department of Architecture, Faculty of Art and Design, Kadir Has University<\/p>\n<p>Dr. Do\u011fan YAVA\u015e, Lecturer at Department of Art History, Faculty of Arts and Sciences, Bursa Uluda\u011f University<\/p>\n<p>Raif KAPLANO\u011eLU, Researcher, Writer<\/p>\n<p>Head of the Osmangazi Mukhtars\u2019 Association<\/p>\n<p>Head of the Y\u0131ld\u0131r\u0131m Mukhtars\u2019 Association<\/p>\n<p>Mukhtar of Cumal\u0131k\u0131z\u0131k<\/p>\n<p>Mithat KIRAYO\u011eLU, Representative of \u00c7EK\u00dcL Preservation and Promotion of Environmental and Cultural Values Foundation<\/p>\n<p>Zafer \u00dcNVER, President of the Bursa Association of Enthusiasts of Historical Artefacts<\/p>\n<p>Head of BT\u00c7H Bursa Historical Bazaars and Khans District Union<\/p>\n<p>Head of the Disabled Council, Bursa City Council<\/p>\n<p>Head of the Bursa Chamber of Architects<\/p>\n<p>Head of the Bursa Chamber of Urban Planners<\/p>\n<p>Representative of the Chamber of Landscape Architects Bursa Branch<\/p>\n<p>Head of the Chamber of Agricultural Engineers Bursa Branch<\/p>\n<p>Head of the Chamber of Civil Engineers Bursa Branch<\/p>\n<p>Head of the Bursa Bar Association<\/p>\n<p>Deputy Secretary-General, BTSO Bursa Chamber of Commerce and Industry<\/p>\n<p>Head of South Marmara Region Executive Board, T\u00dcRSAB Turkish Association of Travel Agencies<\/p>\n<p>&nbsp;<\/p>\n<p><strong>BURSA SITE MANAGEMENT COORDINATION AND SUPERVISORY BOARD MEMBERS:<\/strong><\/p>\n<p>Prof. Dr. Neslihan DOSTO\u011eLU, Bursa S\u0131te Manager<\/p>\n<p>Representative of the Ministry of Culture and Tourism<\/p>\n<p>Erdal \u00c7ET\u0130NDA\u011e, Bursa Governorship Representative<\/p>\n<p>G\u00fcney \u00d6ZKILIN\u00c7, Head of the Department of Urban History and Promotion, Bursa Metropolitan Municipality<\/p>\n<p>Dr. Haluk YILDIZ, Bursa Regional Director, Regional Directorate of Foundations Bursa<\/p>\n<p>Fatih VARDAR, Deputy Mayor, Osmangazi Municipality<\/p>\n<p>G\u00f6khan YILDIZ, Deputy Mayor, Y\u0131ld\u0131r\u0131m Municipality<\/p>\n<p>Prof. Dr. Can B\u0130NAN, Lecturer (retired) at Department of Architecture, Faculty of Architecture, Y\u0131ld\u0131z Technical University<\/p>\n<p>Prof. Dr. T\u00fclin VURAL ARSLAN, Lecturer at Department of Architecture, Faculty of Architecture, Uluda\u011f University<\/p>\n","protected":false},"excerpt":{"rendered":"<p>ADMINISTRATIVE STRUCTURE OF THE BURSA SITE MANAGEMENT &nbsp; BURSA SITE MANAGER: Prof. Dr. Neslihan DOSTO\u011eLU &nbsp; BURSA SITE MANAGEMENT Coordinator: Seda BAL &#8211; Art Historian (MA) M. Tu\u011f\u00e7e KURTKAYA &#8211; Archeologist Beste G\u00dcZEL &#8211; Architect (MA) \u0130. Alper YILMAZ &#8211; [&hellip;]<\/p>\n","protected":false},"author":5,"featured_media":0,"parent":0,"menu_order":0,"comment_status":"closed","ping_status":"open","template":"","meta":{"footnotes":""},"class_list":["post-918","page","type-page","status-publish","hentry","gallery-content-unit"],"_links":{"self":[{"href":"https:\/\/alanbaskanligi.bursa.bel.tr\/en\/wp-json\/wp\/v2\/pages\/918","targetHints":{"allow":["GET"]}}],"collection":[{"href":"https:\/\/alanbaskanligi.bursa.bel.tr\/en\/wp-json\/wp\/v2\/pages"}],"about":[{"href":"https:\/\/alanbaskanligi.bursa.bel.tr\/en\/wp-json\/wp\/v2\/types\/page"}],"author":[{"embeddable":true,"href":"https:\/\/alanbaskanligi.bursa.bel.tr\/en\/wp-json\/wp\/v2\/users\/5"}],"replies":[{"embeddable":true,"href":"https:\/\/alanbaskanligi.bursa.bel.tr\/en\/wp-json\/wp\/v2\/comments?post=918"}],"version-history":[{"count":32,"href":"https:\/\/alanbaskanligi.bursa.bel.tr\/en\/wp-json\/wp\/v2\/pages\/918\/revisions"}],"predecessor-version":[{"id":9144,"href":"https:\/\/alanbaskanligi.bursa.bel.tr\/en\/wp-json\/wp\/v2\/pages\/918\/revisions\/9144"}],"wp:attachment":[{"href":"https:\/\/alanbaskanligi.bursa.bel.tr\/en\/wp-json\/wp\/v2\/media?parent=918"}],"curies":[{"name":"wp","href":"https:\/\/api.w.org\/{rel}","templated":true}]}}